{"id":17925,"date":"2018-05-18T14:29:58","date_gmt":"2018-05-18T12:29:58","guid":{"rendered":"http:\/\/heliadprofessional.com\/?page_id=17925"},"modified":"2021-06-07T12:35:53","modified_gmt":"2021-06-07T10:35:53","slug":"hirek","status":"publish","type":"page","link":"https:\/\/heliadprofessional.com\/hu\/hirek\/","title":{"rendered":"H\u00edrek"},"content":{"rendered":"<p><div class=\"fusion-fullwidth fullwidth-box fusion-builder-row-1 nonhundred-percent-fullwidth non-hundred-percent-height-scrolling\" style=\"--awb-border-radius-top-left:0px;--awb-border-radius-top-right:0px;--awb-border-radius-bottom-right:0px;--awb-border-radius-bottom-left:0px;--awb-flex-wrap:wrap;\" ><div class=\"fusion-builder-row fusion-row\"><div class=\"fusion-layout-column fusion_builder_column fusion-builder-column-0 fusion_builder_column_1_1 1_1 fusion-one-full fusion-column-first fusion-column-last\" style=\"--awb-bg-size:cover;\"><div class=\"fusion-column-wrapper fusion-flex-column-wrapper-legacy\"><div class=\"fusion-sep-clear\"><\/div><div class=\"fusion-separator fusion-full-width-sep\" style=\"margin-left: auto;margin-right: auto;margin-top:50px;margin-bottom:50px;width:100%;\"><\/div><div class=\"fusion-sep-clear\"><\/div><div class=\"fusion-clearfix\"><\/div><\/div><\/div><\/div><\/div><div class=\"fusion-fullwidth fullwidth-box fusion-builder-row-2 nonhundred-percent-fullwidth non-hundred-percent-height-scrolling\" style=\"--awb-border-radius-top-left:0px;--awb-border-radius-top-right:0px;--awb-border-radius-bottom-right:0px;--awb-border-radius-bottom-left:0px;--awb-margin-top:50px;--awb-flex-wrap:wrap;\" ><div class=\"fusion-builder-row fusion-row\"><div class=\"fusion-layout-column fusion_builder_column fusion-builder-column-1 fusion_builder_column_1_1 1_1 fusion-one-full fusion-column-first fusion-column-last\" style=\"--awb-bg-size:cover;\"><div class=\"fusion-column-wrapper fusion-flex-column-wrapper-legacy\"><div class=\"fusion-recent-posts fusion-recent-posts-1 avada-container layout-default layout-columns-3 fusion-recent-posts-infinite\" data-pages=\"4\"><section class=\"fusion-columns columns fusion-columns-3 columns-3\"><article class=\"post fusion-column column col col-lg-4 col-md-4 col-sm-4\"><div class=\"fusion-flexslider fusion-flexslider-loading flexslider flexslider-hover-type-none\"><ul class=\"slides\"><li><a href=\"https:\/\/heliadprofessional.com\/hu\/buszkek-vagyunk-hogy-a-beauty-magazinban-makkaine-szombati-judit-referencia-kozmetikusunk-szerepel-a-honap-szalonja-rovatban\/\" aria-label=\"B\u00fcszk\u00e9k vagyunk, hogy a Beauty Magazinban Makkain\u00e9 Szombati Judit referencia kozmetikusunk szerepel a H\u00f3nap szalonja rovatban\" class=\"hover-type-none\"><img decoding=\"async\" width=\"700\" height=\"441\" src=\"https:\/\/heliadprofessional.com\/wp-content\/uploads\/2025\/06\/layout_hu_banner_start_big-1920_7_default-700x441.jpg\" class=\"attachment-recent-posts size-recent-posts\" alt=\"\" srcset=\"https:\/\/heliadprofessional.com\/wp-content\/uploads\/2025\/06\/layout_hu_banner_start_big-1920_7_default-320x202.jpg 320w, https:\/\/heliadprofessional.com\/wp-content\/uploads\/2025\/06\/layout_hu_banner_start_big-1920_7_default-700x441.jpg 700w\" sizes=\"(max-width: 700px) 100vw, 700px\" \/><\/a><\/li><\/ul><\/div><div class=\"recent-posts-content\"><h4 class=\"\"><a href=\"https:\/\/heliadprofessional.com\/hu\/buszkek-vagyunk-hogy-a-beauty-magazinban-makkaine-szombati-judit-referencia-kozmetikusunk-szerepel-a-honap-szalonja-rovatban\/\">B\u00fcszk\u00e9k vagyunk, hogy a Beauty Magazinban Makkain\u00e9 Szombati Judit referencia kozmetikusunk szerepel a H\u00f3nap szalonja rovatban<\/a><\/h4><p class=\"meta\"><span>2026 \u00e1prilis 20.<\/span><span class=\"fusion-inline-sep\">|<\/span><\/p><\/div><\/article><article class=\"post fusion-column column col col-lg-4 col-md-4 col-sm-4\"><div class=\"fusion-flexslider fusion-flexslider-loading flexslider flexslider-hover-type-none\"><ul class=\"slides\"><li><a href=\"https:\/\/heliadprofessional.com\/hu\/beauty-magazin-megjelenes-2026-1-2-lapszam\/\" aria-label=\"Beauty Magazin megjelen\u00e9s 2026 1-2 lapsz\u00e1m\" class=\"hover-type-none\"><img decoding=\"async\" width=\"700\" height=\"441\" src=\"https:\/\/heliadprofessional.com\/wp-content\/uploads\/2025\/06\/layout_hu_banner_start_big-1920_7_default-700x441.jpg\" class=\"attachment-recent-posts size-recent-posts\" alt=\"\" srcset=\"https:\/\/heliadprofessional.com\/wp-content\/uploads\/2025\/06\/layout_hu_banner_start_big-1920_7_default-320x202.jpg 320w, https:\/\/heliadprofessional.com\/wp-content\/uploads\/2025\/06\/layout_hu_banner_start_big-1920_7_default-700x441.jpg 700w\" sizes=\"(max-width: 700px) 100vw, 700px\" \/><\/a><\/li><\/ul><\/div><div class=\"recent-posts-content\"><h4 class=\"\"><a href=\"https:\/\/heliadprofessional.com\/hu\/beauty-magazin-megjelenes-2026-1-2-lapszam\/\">Beauty Magazin megjelen\u00e9s 2026 1-2 lapsz\u00e1m<\/a><\/h4><p class=\"meta\"><span>2026 janu\u00e1r 26.<\/span><span class=\"fusion-inline-sep\">|<\/span><\/p><\/div><\/article><article class=\"post fusion-column column col col-lg-4 col-md-4 col-sm-4\"><div class=\"fusion-flexslider fusion-flexslider-loading flexslider flexslider-hover-type-none\"><ul class=\"slides\"><li><a href=\"https:\/\/heliadprofessional.com\/hu\/megujul-a-helia-d-professional-itt-a-helia-derma-professional\/\" aria-label=\"Meg\u00fajul a Helia-D Professional \u2013 Itt a Helia Derma Professional!\" class=\"hover-type-none\"><img decoding=\"async\" width=\"640\" height=\"320\" src=\"https:\/\/heliadprofessional.com\/wp-content\/uploads\/2025\/11\/banner_derma_640x320.jpg\" class=\"attachment-recent-posts size-recent-posts\" alt=\"\" srcset=\"https:\/\/heliadprofessional.com\/wp-content\/uploads\/2025\/11\/banner_derma_640x320-200x100.jpg 200w, https:\/\/heliadprofessional.com\/wp-content\/uploads\/2025\/11\/banner_derma_640x320-300x150.jpg 300w, https:\/\/heliadprofessional.com\/wp-content\/uploads\/2025\/11\/banner_derma_640x320-400x200.jpg 400w, https:\/\/heliadprofessional.com\/wp-content\/uploads\/2025\/11\/banner_derma_640x320-600x300.jpg 600w, https:\/\/heliadprofessional.com\/wp-content\/uploads\/2025\/11\/banner_derma_640x320.jpg 640w\" sizes=\"(max-width: 640px) 100vw, 640px\" \/><\/a><\/li><\/ul><\/div><div class=\"recent-posts-content\"><h4 class=\"\"><a href=\"https:\/\/heliadprofessional.com\/hu\/megujul-a-helia-d-professional-itt-a-helia-derma-professional\/\">Meg\u00fajul a Helia-D Professional \u2013 Itt a Helia Derma Professional!<\/a><\/h4><p class=\"meta\"><span>2025 november 06.<\/span><span class=\"fusion-inline-sep\">|<\/span><\/p><\/div><\/article><article class=\"post fusion-column column col col-lg-4 col-md-4 col-sm-4\"><div class=\"fusion-flexslider fusion-flexslider-loading flexslider flexslider-hover-type-none\"><ul class=\"slides\"><li><a href=\"https:\/\/heliadprofessional.com\/hu\/peptidek-kisokos\/\" aria-label=\"Peptidek kisokos\" class=\"hover-type-none\"><img decoding=\"async\" width=\"700\" height=\"441\" src=\"https:\/\/heliadprofessional.com\/wp-content\/uploads\/2025\/06\/layout_hu_banner_start_big-1920_7_default-700x441.jpg\" class=\"attachment-recent-posts size-recent-posts\" alt=\"\" srcset=\"https:\/\/heliadprofessional.com\/wp-content\/uploads\/2025\/06\/layout_hu_banner_start_big-1920_7_default-320x202.jpg 320w, https:\/\/heliadprofessional.com\/wp-content\/uploads\/2025\/06\/layout_hu_banner_start_big-1920_7_default-700x441.jpg 700w\" sizes=\"(max-width: 700px) 100vw, 700px\" \/><\/a><\/li><\/ul><\/div><div class=\"recent-posts-content\"><h4 class=\"\"><a href=\"https:\/\/heliadprofessional.com\/hu\/peptidek-kisokos\/\">Peptidek kisokos<\/a><\/h4><p class=\"meta\"><span>2025 augusztus 11.<\/span><span class=\"fusion-inline-sep\">|<\/span><\/p><\/div><\/article><article class=\"post fusion-column column col col-lg-4 col-md-4 col-sm-4\"><div class=\"fusion-flexslider fusion-flexslider-loading flexslider flexslider-hover-type-none\"><ul class=\"slides\"><li><a href=\"https:\/\/heliadprofessional.com\/hu\/uj-termekek-elso-tapasztalatok\/\" aria-label=\"\u00daj term\u00e9kek &#8211; els\u0151 tapasztalatok\" class=\"hover-type-none\"><img decoding=\"async\" width=\"700\" height=\"441\" src=\"https:\/\/heliadprofessional.com\/wp-content\/uploads\/2025\/06\/layout_hu_banner_start_big-1920_7_default-700x441.jpg\" class=\"attachment-recent-posts size-recent-posts\" alt=\"\" srcset=\"https:\/\/heliadprofessional.com\/wp-content\/uploads\/2025\/06\/layout_hu_banner_start_big-1920_7_default-320x202.jpg 320w, https:\/\/heliadprofessional.com\/wp-content\/uploads\/2025\/06\/layout_hu_banner_start_big-1920_7_default-700x441.jpg 700w\" sizes=\"(max-width: 700px) 100vw, 700px\" \/><\/a><\/li><\/ul><\/div><div class=\"recent-posts-content\"><h4 class=\"\"><a href=\"https:\/\/heliadprofessional.com\/hu\/uj-termekek-elso-tapasztalatok\/\">\u00daj term\u00e9kek &#8211; els\u0151 tapasztalatok<\/a><\/h4><p class=\"meta\"><span>2025 j\u00falius 17.<\/span><span class=\"fusion-inline-sep\">|<\/span><\/p><\/div><\/article><article class=\"post fusion-column column col col-lg-4 col-md-4 col-sm-4\"><div class=\"fusion-flexslider fusion-flexslider-loading flexslider flexslider-hover-type-none\"><ul class=\"slides\"><li><a href=\"https:\/\/heliadprofessional.com\/hu\/borapolas-szakertoi-szemmel\/\" aria-label=\"B\u0151r\u00e1pol\u00e1s szak\u00e9rt\u0151i szemmel\" class=\"hover-type-none\"><img decoding=\"async\" width=\"700\" height=\"441\" src=\"https:\/\/heliadprofessional.com\/wp-content\/uploads\/2025\/06\/layout_hu_banner_start_big-1920_7_default-700x441.jpg\" class=\"attachment-recent-posts size-recent-posts\" alt=\"\" srcset=\"https:\/\/heliadprofessional.com\/wp-content\/uploads\/2025\/06\/layout_hu_banner_start_big-1920_7_default-320x202.jpg 320w, https:\/\/heliadprofessional.com\/wp-content\/uploads\/2025\/06\/layout_hu_banner_start_big-1920_7_default-700x441.jpg 700w\" sizes=\"(max-width: 700px) 100vw, 700px\" \/><\/a><\/li><\/ul><\/div><div class=\"recent-posts-content\"><h4 class=\"\"><a href=\"https:\/\/heliadprofessional.com\/hu\/borapolas-szakertoi-szemmel\/\">B\u0151r\u00e1pol\u00e1s szak\u00e9rt\u0151i szemmel<\/a><\/h4><p class=\"meta\"><span>2025 j\u00fanius 11.<\/span><span class=\"fusion-inline-sep\">|<\/span><\/p><\/div><\/article><\/section><div class=\"fusion-infinite-scroll-trigger\"><\/div><div class=\"pagination infinite-scroll clearfix\" style=\"display:none;\"><span class=\"current\">1<\/span><a href=\"https:\/\/heliadprofessional.com\/hu\/wp-json\/wp\/v2\/pages\/17925\/page\/2\/\" class=\"inactive\">2<\/a><a class=\"pagination-next\" rel=\"next\" href=\"https:\/\/heliadprofessional.com\/hu\/wp-json\/wp\/v2\/pages\/17925\/page\/2\/\"><span class=\"page-text\">K\u00f6vetkez\u0151<\/span><span class=\"page-next\"><\/span><\/a><\/div><div class=\"fusion-clearfix\"><\/div><\/div><div class=\"fusion-clearfix\"><\/div><\/div><\/div><\/div><\/div><\/p>\n","protected":false},"excerpt":{"rendered":"","protected":false},"author":2,"featured_media":0,"parent":0,"menu_order":0,"comment_status":"closed","ping_status":"closed","template":"100-width.php","meta":{"inline_featured_image":false,"footnotes":""},"class_list":["post-17925","page","type-page","status-publish","hentry"],"yoast_head":"<!-- This site is optimized with the Yoast SEO plugin v27.3 - https:\/\/yoast.com\/product\/yoast-seo-wordpress\/ -->\n<title>H\u00edrek - Helia D Professional<\/title>\n<meta name=\"robots\" content=\"index, follow, max-snippet:-1, max-image-preview:large, max-video-preview:-1\" \/>\n<link rel=\"canonical\" href=\"https:\/\/heliadprofessional.com\/hu\/hirek\/\" \/>\n<meta property=\"og:locale\" content=\"hu_HU\" \/>\n<meta property=\"og:type\" content=\"article\" \/>\n<meta property=\"og:title\" content=\"H\u00edrek - Helia D Professional\" \/>\n<meta property=\"og:url\" content=\"https:\/\/heliadprofessional.com\/hu\/hirek\/\" \/>\n<meta property=\"og:site_name\" content=\"Helia D Professional\" \/>\n<meta property=\"article:publisher\" content=\"https:\/\/www.facebook.com\/HeliaDProfessional\" \/>\n<meta property=\"article:modified_time\" content=\"2021-06-07T10:35:53+00:00\" \/>\n<meta name=\"twitter:card\" content=\"summary_large_image\" \/>\n<script type=\"application\/ld+json\" class=\"yoast-schema-graph\">{\"@context\":\"https:\\\/\\\/schema.org\",\"@graph\":[{\"@type\":\"WebPage\",\"@id\":\"https:\\\/\\\/heliadprofessional.com\\\/hu\\\/hirek\\\/\",\"url\":\"https:\\\/\\\/heliadprofessional.com\\\/hu\\\/hirek\\\/\",\"name\":\"H\u00edrek - Helia D Professional\",\"isPartOf\":{\"@id\":\"https:\\\/\\\/heliadprofessional.com\\\/hu\\\/#website\"},\"datePublished\":\"2018-05-18T12:29:58+00:00\",\"dateModified\":\"2021-06-07T10:35:53+00:00\",\"inLanguage\":\"hu\",\"potentialAction\":[{\"@type\":\"ReadAction\",\"target\":[\"https:\\\/\\\/heliadprofessional.com\\\/hu\\\/hirek\\\/\"]}]},{\"@type\":\"WebSite\",\"@id\":\"https:\\\/\\\/heliadprofessional.com\\\/hu\\\/#website\",\"url\":\"https:\\\/\\\/heliadprofessional.com\\\/hu\\\/\",\"name\":\"Helia D Professional\",\"description\":\"Helia D Professional\",\"potentialAction\":[{\"@type\":\"SearchAction\",\"target\":{\"@type\":\"EntryPoint\",\"urlTemplate\":\"https:\\\/\\\/heliadprofessional.com\\\/hu\\\/?s={search_term_string}\"},\"query-input\":{\"@type\":\"PropertyValueSpecification\",\"valueRequired\":true,\"valueName\":\"search_term_string\"}}],\"inLanguage\":\"hu\"}]}<\/script>\n<!-- \/ Yoast SEO plugin. -->","yoast_head_json":{"title":"H\u00edrek - Helia D Professional","robots":{"index":"index","follow":"follow","max-snippet":"max-snippet:-1","max-image-preview":"max-image-preview:large","max-video-preview":"max-video-preview:-1"},"canonical":"https:\/\/heliadprofessional.com\/hu\/hirek\/","og_locale":"hu_HU","og_type":"article","og_title":"H\u00edrek - Helia D Professional","og_url":"https:\/\/heliadprofessional.com\/hu\/hirek\/","og_site_name":"Helia D Professional","article_publisher":"https:\/\/www.facebook.com\/HeliaDProfessional","article_modified_time":"2021-06-07T10:35:53+00:00","twitter_card":"summary_large_image","schema":{"@context":"https:\/\/schema.org","@graph":[{"@type":"WebPage","@id":"https:\/\/heliadprofessional.com\/hu\/hirek\/","url":"https:\/\/heliadprofessional.com\/hu\/hirek\/","name":"H\u00edrek - Helia D Professional","isPartOf":{"@id":"https:\/\/heliadprofessional.com\/hu\/#website"},"datePublished":"2018-05-18T12:29:58+00:00","dateModified":"2021-06-07T10:35:53+00:00","inLanguage":"hu","potentialAction":[{"@type":"ReadAction","target":["https:\/\/heliadprofessional.com\/hu\/hirek\/"]}]},{"@type":"WebSite","@id":"https:\/\/heliadprofessional.com\/hu\/#website","url":"https:\/\/heliadprofessional.com\/hu\/","name":"Helia D Professional","description":"Helia D Professional","potentialAction":[{"@type":"SearchAction","target":{"@type":"EntryPoint","urlTemplate":"https:\/\/heliadprofessional.com\/hu\/?s={search_term_string}"},"query-input":{"@type":"PropertyValueSpecification","valueRequired":true,"valueName":"search_term_string"}}],"inLanguage":"hu"}]}},"_links":{"self":[{"href":"https:\/\/heliadprofessional.com\/hu\/wp-json\/wp\/v2\/pages\/17925","targetHints":{"allow":["GET"]}}],"collection":[{"href":"https:\/\/heliadprofessional.com\/hu\/wp-json\/wp\/v2\/pages"}],"about":[{"href":"https:\/\/heliadprofessional.com\/hu\/wp-json\/wp\/v2\/types\/page"}],"author":[{"embeddable":true,"href":"https:\/\/heliadprofessional.com\/hu\/wp-json\/wp\/v2\/users\/2"}],"replies":[{"embeddable":true,"href":"https:\/\/heliadprofessional.com\/hu\/wp-json\/wp\/v2\/comments?post=17925"}],"version-history":[{"count":70,"href":"https:\/\/heliadprofessional.com\/hu\/wp-json\/wp\/v2\/pages\/17925\/revisions"}],"predecessor-version":[{"id":21787,"href":"https:\/\/heliadprofessional.com\/hu\/wp-json\/wp\/v2\/pages\/17925\/revisions\/21787"}],"wp:attachment":[{"href":"https:\/\/heliadprofessional.com\/hu\/wp-json\/wp\/v2\/media?parent=17925"}],"curies":[{"name":"wp","href":"https:\/\/api.w.org\/{rel}","templated":true}]}}