{"id":17970,"date":"2018-05-18T14:45:58","date_gmt":"2018-05-18T12:45:58","guid":{"rendered":"http:\/\/heliadprofessional.com\/?page_id=17970"},"modified":"2021-06-21T19:05:47","modified_gmt":"2021-06-21T17:05:47","slug":"keszulekek","status":"publish","type":"page","link":"https:\/\/heliadprofessional.com\/hu\/termekek\/keszulekek\/","title":{"rendered":"K\u00e9sz\u00fcl\u00e9kek"},"content":{"rendered":"<p><div class=\"fusion-fullwidth fullwidth-box fusion-builder-row-1 nonhundred-percent-fullwidth non-hundred-percent-height-scrolling\" style=\"--awb-background-position:left top;--awb-border-sizes-top:0px;--awb-border-sizes-bottom:0px;--awb-border-sizes-left:0px;--awb-border-sizes-right:0px;--awb-border-radius-top-left:0px;--awb-border-radius-top-right:0px;--awb-border-radius-bottom-right:0px;--awb-border-radius-bottom-left:0px;--awb-padding-top:0px;--awb-padding-bottom:0px;--awb-margin-bottom:0px;--awb-flex-wrap:wrap;\" ><div class=\"fusion-builder-row fusion-row\"><div class=\"fusion-layout-column fusion_builder_column fusion-builder-column-0 fusion_builder_column_1_6 1_6 fusion-one-sixth fusion-column-first\" style=\"--awb-bg-size:cover;width:13.3333%; margin-right: 4%;\"><div class=\"fusion-column-wrapper fusion-flex-column-wrapper-legacy\"><div class=\"fusion-clearfix\"><\/div><\/div><\/div><div class=\"fusion-layout-column fusion_builder_column fusion-builder-column-1 fusion_builder_column_2_3 2_3 fusion-two-third\" style=\"--awb-bg-size:cover;width:65.3333%; margin-right: 4%;\"><div class=\"fusion-column-wrapper fusion-flex-column-wrapper-legacy\"><div class=\"fusion-text fusion-text-1\"><h1 style=\"text-align: center; font-size: 42px;\">KOZMETIKAI K\u00c9SZ\u00dcL\u00c9KEK<\/h1>\n<\/div><div class=\"fusion-sep-clear\"><\/div><div class=\"fusion-separator\" style=\"margin-left: auto;margin-right: auto;margin-top:5px;margin-bottom:0px;width:100%;max-width:30px;\"><div class=\"fusion-separator-border sep-single sep-solid\" style=\"--awb-height:20px;--awb-amount:20px;--awb-sep-color:#999999;border-color:#999999;border-top-width:1px;\"><\/div><\/div><div class=\"fusion-sep-clear\"><\/div><div class=\"fusion-text fusion-text-2\"><h5 style=\"text-align: center;\">A Helia-D Professional m\u00e1rka a kozmetikai term\u00e9kek mellett kozmetikai k\u00e9sz\u00fcl\u00e9keket is forgalmaz, melyeknek palett\u00e1ja folyamatosan b\u0151v\u00fcl.<\/h5>\n<\/div><div class=\"fusion-text fusion-text-3\"><h4 style=\"text-align: center; font-size: 22px; line-height: 40px;\">Jelenleg h\u00e1rom f\u00e9le mezoter\u00e1pi\u00e1s k\u00e9sz\u00fcl\u00e9k \u00e9s egy hidroabr\u00e1zi\u00f3s k\u00e9sz\u00fcl\u00e9k k\u00e9pezi a term\u00e9kpalett\u00e1t.<\/h4>\n<\/div><div class=\"fusion-text fusion-text-4\"><h5 style=\"text-align: center;\">A k\u00e9sz\u00fcl\u00e9kek kiz\u00e1r\u00f3lag a Helia-D Professional Keresked\u00e9s\u00fcnkben v\u00e1s\u00e1rolhat\u00f3ak meg.<\/h5>\n<\/div><div class=\"fusion-aligncenter\"><a class=\"fusion-button button-flat fusion-button-default-size button-default fusion-button-default button-1 fusion-button-default-span fusion-button-default-type\" target=\"_self\" href=\"https:\/\/heliadprofessional.com\/kapcsolat\/#erdeklodes-kozmetikusoknak\"><span class=\"fusion-button-text awb-button__text awb-button__text--default\">KERESKED\u00c9S EL\u00c9RHET\u0150S\u00c9GEI<\/span><\/a><\/div><div class=\"fusion-clearfix\"><\/div><\/div><\/div><div class=\"fusion-layout-column fusion_builder_column fusion-builder-column-2 fusion_builder_column_1_6 1_6 fusion-one-sixth fusion-column-last\" style=\"--awb-bg-size:cover;width:13.3333%;\"><div class=\"fusion-column-wrapper fusion-flex-column-wrapper-legacy\"><div class=\"fusion-clearfix\"><\/div><\/div><\/div><\/div><\/div><div class=\"fusion-fullwidth fullwidth-box fusion-builder-row-2 nonhundred-percent-fullwidth non-hundred-percent-height-scrolling\" style=\"--awb-border-radius-top-left:0px;--awb-border-radius-top-right:0px;--awb-border-radius-bottom-right:0px;--awb-border-radius-bottom-left:0px;--awb-flex-wrap:wrap;\" ><div class=\"fusion-builder-row fusion-row\"><div class=\"fusion-layout-column fusion_builder_column fusion-builder-column-3 fusion_builder_column_1_1 1_1 fusion-one-full fusion-column-first fusion-column-last\" style=\"--awb-bg-size:cover;--awb-margin-bottom:50px;\"><div class=\"fusion-column-wrapper fusion-flex-column-wrapper-legacy\"><div class=\"fusion-sep-clear\"><\/div><div class=\"fusion-separator fusion-full-width-sep\" style=\"margin-left: auto;margin-right: auto;margin-top:60px;width:100%;\"><\/div><div class=\"fusion-sep-clear\"><\/div><div class=\"fusion-title title fusion-title-1 fusion-sep-none fusion-title-text fusion-title-size-one\" style=\"--awb-margin-top-small:10px;--awb-margin-right-small:0px;--awb-margin-bottom-small:10px;--awb-margin-left-small:0px;\"><h1 class=\"fusion-title-heading title-heading-left fusion-responsive-typography-calculated\" style=\"margin:0;--fontSize:60;line-height:1.17;\"><h2 style=\"text-align: center;\">K\u00c9SZ\u00dcL\u00c9KEK<\/h2><\/h1><\/div><div class=\"fusion-sep-clear\"><\/div><div class=\"fusion-separator\" style=\"margin-left: auto;margin-right: auto;margin-top:5px;margin-bottom:40px;width:100%;max-width:30px;\"><div class=\"fusion-separator-border sep-single sep-solid\" style=\"--awb-height:20px;--awb-amount:20px;--awb-sep-color:#999999;border-color:#999999;border-top-width:1px;\"><\/div><\/div><div class=\"fusion-sep-clear\"><\/div><style type=\"text\/css\">.fusion-portfolio-wrapper#fusion-portfolio-1 .fusion-portfolio-content{  text-align: center; }<\/style><div class=\"fusion-recent-works fusion-portfolio-element fusion-portfolio fusion-portfolio-1 fusion-portfolio-grid fusion-portfolio-paging-load-more-button fusion-portfolio-four fusion-portfolio-unboxed fusion-portfolio-text fusion-portfolio-equal-heights\" data-id=\"-rw-1\" data-columns=\"four\"><style type=\"text\/css\">.fusion-portfolio-1 .fusion-portfolio-wrapper .fusion-col-spacing{padding:25px;}<\/style><div class=\"fusion-portfolio-wrapper\" id=\"fusion-portfolio-1\" data-picturesize=\"auto\" data-pages=\"1\" style=\"margin:-25px;\"><article id=\"portfolio-1-post-21356\" class=\"fusion-portfolio-post keszulekek fusion-col-spacing post-21356\"><div class=\"fusion-portfolio-content-wrapper\" style=\"border:none;\"><div  class=\"fusion-image-wrapper\" aria-haspopup=\"true\">\n\t\t\t\t\t\t\t<a href=\"https:\/\/heliadprofessional.com\/hu\/sorozat\/helia-d-hidroabrazios-keszulek\/\" aria-label=\"Helia-D Hidroabr\u00e1zi\u00f3s k\u00e9sz\u00fcl\u00e9k\">\n\t\t\t\t\t\t\t<img decoding=\"async\" width=\"800\" height=\"800\" src=\"https:\/\/heliadprofessional.com\/wp-content\/uploads\/2021\/05\/Helia-D-Hidroabrazios-keszulek.jpg\" class=\"attachment-full size-full wp-post-image\" alt=\"\" \/>\t\t\t<\/a>\n\t\t\t\t\t\t\t<\/div>\n<div class=\"fusion-portfolio-content\"><h2 class=\"fusion-post-title\"><a href=\"https:\/\/heliadprofessional.com\/hu\/sorozat\/helia-d-hidroabrazios-keszulek\/\">Helia-D Hidroabr\u00e1zi\u00f3s k\u00e9sz\u00fcl\u00e9k<\/a><\/h2><div class=\"fusion-post-content\"><\/div><\/div><\/div><\/article><article id=\"portfolio-1-post-21351\" class=\"fusion-portfolio-post keszulekek fusion-col-spacing post-21351\"><div class=\"fusion-portfolio-content-wrapper\" style=\"border:none;\"><div  class=\"fusion-image-wrapper\" aria-haspopup=\"true\">\n\t\t\t\t\t\t\t<a href=\"https:\/\/heliadprofessional.com\/hu\/sorozat\/helia-d-professional-mezo-komplex-keszulek\/\" aria-label=\"Helia-D Professional Mezo Komplex k\u00e9sz\u00fcl\u00e9k\">\n\t\t\t\t\t\t\t<img decoding=\"async\" width=\"600\" height=\"600\" src=\"https:\/\/heliadprofessional.com\/wp-content\/uploads\/2021\/05\/Helia-D-Professional-Mezo-Komplex-keszulek.jpg\" class=\"attachment-full size-full wp-post-image\" alt=\"\" \/>\t\t\t<\/a>\n\t\t\t\t\t\t\t<\/div>\n<div class=\"fusion-portfolio-content\"><h2 class=\"fusion-post-title\"><a href=\"https:\/\/heliadprofessional.com\/hu\/sorozat\/helia-d-professional-mezo-komplex-keszulek\/\">Helia-D Professional Mezo Komplex k\u00e9sz\u00fcl\u00e9k<\/a><\/h2><div class=\"fusion-post-content\"><\/div><\/div><\/div><\/article><article id=\"portfolio-1-post-21346\" class=\"fusion-portfolio-post keszulekek fusion-col-spacing post-21346\"><div class=\"fusion-portfolio-content-wrapper\" style=\"border:none;\"><div  class=\"fusion-image-wrapper\" aria-haspopup=\"true\">\n\t\t\t\t\t\t\t<a href=\"https:\/\/heliadprofessional.com\/hu\/sorozat\/helia-d-professional-mezo-mono-keszulek\/\" aria-label=\"Helia-D Professional Mezo Mono k\u00e9sz\u00fcl\u00e9k\">\n\t\t\t\t\t\t\t<img decoding=\"async\" width=\"600\" height=\"600\" src=\"https:\/\/heliadprofessional.com\/wp-content\/uploads\/2021\/05\/Helia-D-Professional-Mezo-Mono-keszulek.jpg\" class=\"attachment-full size-full wp-post-image\" alt=\"\" srcset=\"https:\/\/heliadprofessional.com\/wp-content\/uploads\/2021\/05\/Helia-D-Professional-Mezo-Mono-keszulek-200x200.jpg 200w, https:\/\/heliadprofessional.com\/wp-content\/uploads\/2021\/05\/Helia-D-Professional-Mezo-Mono-keszulek-400x400.jpg 400w, https:\/\/heliadprofessional.com\/wp-content\/uploads\/2021\/05\/Helia-D-Professional-Mezo-Mono-keszulek.jpg 600w\" sizes=\"(min-width: 2200px) 100vw, (min-width: 915px) 238px, (min-width: 824px) 317px, (min-width: 732px) 475px, (min-width: 640px) 732px, \" \/>\t\t\t<\/a>\n\t\t\t\t\t\t\t<\/div>\n<div class=\"fusion-portfolio-content\"><h2 class=\"fusion-post-title\"><a href=\"https:\/\/heliadprofessional.com\/hu\/sorozat\/helia-d-professional-mezo-mono-keszulek\/\">Helia-D Professional Mezo Mono k\u00e9sz\u00fcl\u00e9k<\/a><\/h2><div class=\"fusion-post-content\"><\/div><\/div><\/div><\/article><article id=\"portfolio-1-post-21343\" class=\"fusion-portfolio-post keszulekek fusion-col-spacing post-21343\"><div class=\"fusion-portfolio-content-wrapper\" style=\"border:none;\"><div  class=\"fusion-image-wrapper\" aria-haspopup=\"true\">\n\t\t\t\t\t\t\t<a href=\"https:\/\/heliadprofessional.com\/hu\/sorozat\/helia-d-professional-mezo-pen-keszulek\/\" aria-label=\"Helia-D Professional Mezo Pen k\u00e9sz\u00fcl\u00e9k\">\n\t\t\t\t\t\t\t<img decoding=\"async\" width=\"600\" height=\"600\" src=\"https:\/\/heliadprofessional.com\/wp-content\/uploads\/2021\/05\/Helia-D-Professional-Mezo-Pen-keszulek.jpg\" class=\"attachment-full size-full wp-post-image\" alt=\"\" srcset=\"https:\/\/heliadprofessional.com\/wp-content\/uploads\/2021\/05\/Helia-D-Professional-Mezo-Pen-keszulek-200x200.jpg 200w, https:\/\/heliadprofessional.com\/wp-content\/uploads\/2021\/05\/Helia-D-Professional-Mezo-Pen-keszulek-400x400.jpg 400w, https:\/\/heliadprofessional.com\/wp-content\/uploads\/2021\/05\/Helia-D-Professional-Mezo-Pen-keszulek.jpg 600w\" sizes=\"(min-width: 2200px) 100vw, (min-width: 915px) 238px, (min-width: 824px) 317px, (min-width: 732px) 475px, (min-width: 640px) 732px, \" \/>\t\t\t<\/a>\n\t\t\t\t\t\t\t<\/div>\n<div class=\"fusion-portfolio-content\"><h2 class=\"fusion-post-title\"><a href=\"https:\/\/heliadprofessional.com\/hu\/sorozat\/helia-d-professional-mezo-pen-keszulek\/\">Helia-D Professional Mezo Pen k\u00e9sz\u00fcl\u00e9k<\/a><\/h2><div class=\"fusion-post-content\"><\/div><\/div><\/div><\/article><\/div><\/div><div class=\"fusion-clearfix\"><\/div><\/div><\/div><div class=\"fusion-layout-column fusion_builder_column fusion-builder-column-4 fusion_builder_column_1_1 1_1 fusion-one-full fusion-column-first fusion-column-last\" style=\"--awb-bg-size:cover;\"><div class=\"fusion-column-wrapper fusion-column-has-shadow fusion-flex-column-wrapper-legacy\"><div class=\"fusion-aligncenter\"><a class=\"fusion-button button-flat fusion-button-default-size button-default fusion-button-default button-2 fusion-button-default-span fusion-button-default-type\" target=\"_blank\" rel=\"noopener noreferrer\" href=\"https:\/\/heliadprofessional.hu\/kozmetikai-keszulekek\"><span class=\"fusion-button-text awb-button__text awb-button__text--default\">TOV\u00c1BB A WEBSHOPRA<\/span><\/a><\/div><div class=\"fusion-clearfix\"><\/div><\/div><\/div><\/div><\/div><\/p>\n","protected":false},"excerpt":{"rendered":"","protected":false},"author":2,"featured_media":0,"parent":17918,"menu_order":0,"comment_status":"closed","ping_status":"closed","template":"100-width.php","meta":{"inline_featured_image":false,"footnotes":""},"class_list":["post-17970","page","type-page","status-publish","hentry"],"yoast_head":"<!-- This site is optimized with the Yoast SEO plugin v27.3 - https:\/\/yoast.com\/product\/yoast-seo-wordpress\/ -->\n<title>K\u00e9sz\u00fcl\u00e9kek - Helia D Professional<\/title>\n<meta name=\"robots\" content=\"index, follow, max-snippet:-1, max-image-preview:large, max-video-preview:-1\" \/>\n<link rel=\"canonical\" href=\"https:\/\/heliadprofessional.com\/hu\/termekek\/keszulekek\/\" \/>\n<meta property=\"og:locale\" content=\"hu_HU\" \/>\n<meta property=\"og:type\" content=\"article\" \/>\n<meta property=\"og:title\" content=\"K\u00e9sz\u00fcl\u00e9kek - Helia D Professional\" \/>\n<meta property=\"og:url\" content=\"https:\/\/heliadprofessional.com\/hu\/termekek\/keszulekek\/\" \/>\n<meta property=\"og:site_name\" content=\"Helia D Professional\" \/>\n<meta property=\"article:publisher\" content=\"https:\/\/www.facebook.com\/HeliaDProfessional\" \/>\n<meta property=\"article:modified_time\" content=\"2021-06-21T17:05:47+00:00\" \/>\n<meta name=\"twitter:card\" content=\"summary_large_image\" \/>\n<script type=\"application\/ld+json\" class=\"yoast-schema-graph\">{\"@context\":\"https:\\\/\\\/schema.org\",\"@graph\":[{\"@type\":\"WebPage\",\"@id\":\"https:\\\/\\\/heliadprofessional.com\\\/hu\\\/termekek\\\/keszulekek\\\/\",\"url\":\"https:\\\/\\\/heliadprofessional.com\\\/hu\\\/termekek\\\/keszulekek\\\/\",\"name\":\"K\u00e9sz\u00fcl\u00e9kek - Helia D Professional\",\"isPartOf\":{\"@id\":\"https:\\\/\\\/heliadprofessional.com\\\/hu\\\/#website\"},\"datePublished\":\"2018-05-18T12:45:58+00:00\",\"dateModified\":\"2021-06-21T17:05:47+00:00\",\"breadcrumb\":{\"@id\":\"https:\\\/\\\/heliadprofessional.com\\\/hu\\\/termekek\\\/keszulekek\\\/#breadcrumb\"},\"inLanguage\":\"hu\",\"potentialAction\":[{\"@type\":\"ReadAction\",\"target\":[\"https:\\\/\\\/heliadprofessional.com\\\/hu\\\/termekek\\\/keszulekek\\\/\"]}]},{\"@type\":\"BreadcrumbList\",\"@id\":\"https:\\\/\\\/heliadprofessional.com\\\/hu\\\/termekek\\\/keszulekek\\\/#breadcrumb\",\"itemListElement\":[{\"@type\":\"ListItem\",\"position\":1,\"name\":\"Term\u00e9kek\",\"item\":\"https:\\\/\\\/heliadprofessional.com\\\/hu\\\/termekek\\\/\"},{\"@type\":\"ListItem\",\"position\":2,\"name\":\"K\u00e9sz\u00fcl\u00e9kek\"}]},{\"@type\":\"WebSite\",\"@id\":\"https:\\\/\\\/heliadprofessional.com\\\/hu\\\/#website\",\"url\":\"https:\\\/\\\/heliadprofessional.com\\\/hu\\\/\",\"name\":\"Helia D Professional\",\"description\":\"Helia D Professional\",\"potentialAction\":[{\"@type\":\"SearchAction\",\"target\":{\"@type\":\"EntryPoint\",\"urlTemplate\":\"https:\\\/\\\/heliadprofessional.com\\\/hu\\\/?s={search_term_string}\"},\"query-input\":{\"@type\":\"PropertyValueSpecification\",\"valueRequired\":true,\"valueName\":\"search_term_string\"}}],\"inLanguage\":\"hu\"}]}<\/script>\n<!-- \/ Yoast SEO plugin. -->","yoast_head_json":{"title":"K\u00e9sz\u00fcl\u00e9kek - Helia D Professional","robots":{"index":"index","follow":"follow","max-snippet":"max-snippet:-1","max-image-preview":"max-image-preview:large","max-video-preview":"max-video-preview:-1"},"canonical":"https:\/\/heliadprofessional.com\/hu\/termekek\/keszulekek\/","og_locale":"hu_HU","og_type":"article","og_title":"K\u00e9sz\u00fcl\u00e9kek - Helia D Professional","og_url":"https:\/\/heliadprofessional.com\/hu\/termekek\/keszulekek\/","og_site_name":"Helia D Professional","article_publisher":"https:\/\/www.facebook.com\/HeliaDProfessional","article_modified_time":"2021-06-21T17:05:47+00:00","twitter_card":"summary_large_image","schema":{"@context":"https:\/\/schema.org","@graph":[{"@type":"WebPage","@id":"https:\/\/heliadprofessional.com\/hu\/termekek\/keszulekek\/","url":"https:\/\/heliadprofessional.com\/hu\/termekek\/keszulekek\/","name":"K\u00e9sz\u00fcl\u00e9kek - Helia D Professional","isPartOf":{"@id":"https:\/\/heliadprofessional.com\/hu\/#website"},"datePublished":"2018-05-18T12:45:58+00:00","dateModified":"2021-06-21T17:05:47+00:00","breadcrumb":{"@id":"https:\/\/heliadprofessional.com\/hu\/termekek\/keszulekek\/#breadcrumb"},"inLanguage":"hu","potentialAction":[{"@type":"ReadAction","target":["https:\/\/heliadprofessional.com\/hu\/termekek\/keszulekek\/"]}]},{"@type":"BreadcrumbList","@id":"https:\/\/heliadprofessional.com\/hu\/termekek\/keszulekek\/#breadcrumb","itemListElement":[{"@type":"ListItem","position":1,"name":"Term\u00e9kek","item":"https:\/\/heliadprofessional.com\/hu\/termekek\/"},{"@type":"ListItem","position":2,"name":"K\u00e9sz\u00fcl\u00e9kek"}]},{"@type":"WebSite","@id":"https:\/\/heliadprofessional.com\/hu\/#website","url":"https:\/\/heliadprofessional.com\/hu\/","name":"Helia D Professional","description":"Helia D Professional","potentialAction":[{"@type":"SearchAction","target":{"@type":"EntryPoint","urlTemplate":"https:\/\/heliadprofessional.com\/hu\/?s={search_term_string}"},"query-input":{"@type":"PropertyValueSpecification","valueRequired":true,"valueName":"search_term_string"}}],"inLanguage":"hu"}]}},"_links":{"self":[{"href":"https:\/\/heliadprofessional.com\/hu\/wp-json\/wp\/v2\/pages\/17970","targetHints":{"allow":["GET"]}}],"collection":[{"href":"https:\/\/heliadprofessional.com\/hu\/wp-json\/wp\/v2\/pages"}],"about":[{"href":"https:\/\/heliadprofessional.com\/hu\/wp-json\/wp\/v2\/types\/page"}],"author":[{"embeddable":true,"href":"https:\/\/heliadprofessional.com\/hu\/wp-json\/wp\/v2\/users\/2"}],"replies":[{"embeddable":true,"href":"https:\/\/heliadprofessional.com\/hu\/wp-json\/wp\/v2\/comments?post=17970"}],"version-history":[{"count":17,"href":"https:\/\/heliadprofessional.com\/hu\/wp-json\/wp\/v2\/pages\/17970\/revisions"}],"predecessor-version":[{"id":22475,"href":"https:\/\/heliadprofessional.com\/hu\/wp-json\/wp\/v2\/pages\/17970\/revisions\/22475"}],"up":[{"embeddable":true,"href":"https:\/\/heliadprofessional.com\/hu\/wp-json\/wp\/v2\/pages\/17918"}],"wp:attachment":[{"href":"https:\/\/heliadprofessional.com\/hu\/wp-json\/wp\/v2\/media?parent=17970"}],"curies":[{"name":"wp","href":"https:\/\/api.w.org\/{rel}","templated":true}]}}