{"id":17972,"date":"2018-05-18T14:46:44","date_gmt":"2018-05-18T12:46:44","guid":{"rendered":"http:\/\/heliadprofessional.com\/?page_id=17972"},"modified":"2021-06-21T19:05:50","modified_gmt":"2021-06-21T17:05:50","slug":"kiegeszito-termekek","status":"publish","type":"page","link":"https:\/\/heliadprofessional.com\/hu\/termekek\/kiegeszito-termekek\/","title":{"rendered":"Kieg\u00e9sz\u00edt\u0151 term\u00e9kek"},"content":{"rendered":"<p><div class=\"fusion-fullwidth fullwidth-box fusion-builder-row-1 nonhundred-percent-fullwidth non-hundred-percent-height-scrolling\" style=\"--awb-background-position:left top;--awb-border-sizes-top:0px;--awb-border-sizes-bottom:0px;--awb-border-sizes-left:0px;--awb-border-sizes-right:0px;--awb-border-radius-top-left:0px;--awb-border-radius-top-right:0px;--awb-border-radius-bottom-right:0px;--awb-border-radius-bottom-left:0px;--awb-padding-top:0px;--awb-padding-bottom:0px;--awb-margin-bottom:0px;--awb-flex-wrap:wrap;\" ><div class=\"fusion-builder-row fusion-row\"><div class=\"fusion-layout-column fusion_builder_column fusion-builder-column-0 fusion_builder_column_1_6 1_6 fusion-one-sixth fusion-column-first\" style=\"--awb-bg-size:cover;width:13.3333%; margin-right: 4%;\"><div class=\"fusion-column-wrapper fusion-flex-column-wrapper-legacy\"><div class=\"fusion-clearfix\"><\/div><\/div><\/div><div class=\"fusion-layout-column fusion_builder_column fusion-builder-column-1 fusion_builder_column_2_3 2_3 fusion-two-third\" style=\"--awb-bg-size:cover;width:65.3333%; margin-right: 4%;\"><div class=\"fusion-column-wrapper fusion-flex-column-wrapper-legacy\"><div class=\"fusion-text fusion-text-1\"><h1 style=\"text-align: center; font-size: 42px;\">KIEG\u00c9SZ\u00cdT\u0150 TERM\u00c9KEK<\/h1>\n<\/div><div class=\"fusion-sep-clear\"><\/div><div class=\"fusion-separator\" style=\"margin-left: auto;margin-right: auto;margin-top:5px;margin-bottom:0px;width:100%;max-width:30px;\"><div class=\"fusion-separator-border sep-single sep-solid\" style=\"--awb-height:20px;--awb-amount:20px;--awb-sep-color:#999999;border-color:#999999;border-top-width:1px;\"><\/div><\/div><div class=\"fusion-sep-clear\"><\/div><div class=\"fusion-clearfix\"><\/div><\/div><\/div><div class=\"fusion-layout-column fusion_builder_column fusion-builder-column-2 fusion_builder_column_1_6 1_6 fusion-one-sixth fusion-column-last\" style=\"--awb-bg-size:cover;width:13.3333%;\"><div class=\"fusion-column-wrapper fusion-flex-column-wrapper-legacy\"><div class=\"fusion-clearfix\"><\/div><\/div><\/div><\/div><\/div><div class=\"fusion-fullwidth fullwidth-box fusion-builder-row-2 nonhundred-percent-fullwidth non-hundred-percent-height-scrolling\" style=\"--awb-border-radius-top-left:0px;--awb-border-radius-top-right:0px;--awb-border-radius-bottom-right:0px;--awb-border-radius-bottom-left:0px;--awb-flex-wrap:wrap;\" ><div class=\"fusion-builder-row fusion-row\"><div class=\"fusion-layout-column fusion_builder_column fusion-builder-column-3 fusion_builder_column_1_1 1_1 fusion-one-full fusion-column-first fusion-column-last\" style=\"--awb-bg-size:cover;--awb-margin-bottom:50px;\"><div class=\"fusion-column-wrapper fusion-flex-column-wrapper-legacy\"><div class=\"fusion-sep-clear\"><\/div><div class=\"fusion-separator fusion-full-width-sep\" style=\"margin-left: auto;margin-right: auto;margin-top:60px;width:100%;\"><\/div><div class=\"fusion-sep-clear\"><\/div><div class=\"fusion-title title fusion-title-1 fusion-sep-none fusion-title-text fusion-title-size-one\" style=\"--awb-margin-top-small:10px;--awb-margin-right-small:0px;--awb-margin-bottom-small:10px;--awb-margin-left-small:0px;\"><h1 class=\"fusion-title-heading title-heading-left fusion-responsive-typography-calculated\" style=\"margin:0;--fontSize:60;line-height:1.17;\"><h2 style=\"text-align: center;\">TERM\u00c9KEK<\/h2><\/h1><\/div><div class=\"fusion-sep-clear\"><\/div><div class=\"fusion-separator\" style=\"margin-left: auto;margin-right: auto;margin-top:5px;margin-bottom:25px;width:100%;max-width:30px;\"><div class=\"fusion-separator-border sep-single sep-solid\" style=\"--awb-height:20px;--awb-amount:20px;--awb-sep-color:#999999;border-color:#999999;border-top-width:1px;\"><\/div><\/div><div class=\"fusion-sep-clear\"><\/div><div class=\"fusion-text fusion-text-2 fusion-text-no-margin\" style=\"--awb-margin-bottom:25px;\"><h5 style=\"text-align: center;\">MEZOTER\u00c1PI\u00c1S KIEG\u00c9SZ\u00cdT\u0150K<\/h5>\n<\/div><style type=\"text\/css\">.fusion-portfolio-wrapper#fusion-portfolio-1 .fusion-portfolio-content{  text-align: center; }<\/style><div class=\"fusion-recent-works fusion-portfolio-element fusion-portfolio fusion-portfolio-1 fusion-portfolio-grid fusion-portfolio-paging-load-more-button fusion-portfolio-four fusion-portfolio-unboxed fusion-portfolio-text fusion-portfolio-equal-heights\" data-id=\"-rw-1\" data-columns=\"four\"><style type=\"text\/css\">.fusion-portfolio-1 .fusion-portfolio-wrapper .fusion-col-spacing{padding:25px;}<\/style><div class=\"fusion-portfolio-wrapper\" id=\"fusion-portfolio-1\" data-picturesize=\"auto\" data-pages=\"1\" style=\"margin:-25px;\"><article id=\"portfolio-1-post-21420\" class=\"fusion-portfolio-post mezoterapias-kiegeszitok fusion-col-spacing post-21420\"><div class=\"fusion-portfolio-content-wrapper\" style=\"border:none;\"><div  class=\"fusion-image-wrapper\" aria-haspopup=\"true\">\n\t\t\t\t\t\t\t<a href=\"https:\/\/heliadprofessional.com\/hu\/sorozat\/12-tus-steril-betet-mezo-penhez-5-db\/\" aria-label=\"12 t\u0171s steril bet\u00e9t Mezo Penhez &#8211; 5 db\">\n\t\t\t\t\t\t\t<img decoding=\"async\" width=\"800\" height=\"940\" src=\"https:\/\/heliadprofessional.com\/wp-content\/uploads\/2021\/05\/12-tus-steril-betet-Mezo-Penhez-5-db.jpg\" class=\"attachment-full size-full wp-post-image\" alt=\"\" srcset=\"https:\/\/heliadprofessional.com\/wp-content\/uploads\/2021\/05\/12-tus-steril-betet-Mezo-Penhez-5-db-200x235.jpg 200w, https:\/\/heliadprofessional.com\/wp-content\/uploads\/2021\/05\/12-tus-steril-betet-Mezo-Penhez-5-db-400x470.jpg 400w, https:\/\/heliadprofessional.com\/wp-content\/uploads\/2021\/05\/12-tus-steril-betet-Mezo-Penhez-5-db-600x705.jpg 600w, https:\/\/heliadprofessional.com\/wp-content\/uploads\/2021\/05\/12-tus-steril-betet-Mezo-Penhez-5-db.jpg 800w\" sizes=\"(min-width: 2200px) 100vw, (min-width: 915px) 238px, (min-width: 824px) 317px, (min-width: 732px) 475px, (min-width: 640px) 732px, \" \/>\t\t\t<\/a>\n\t\t\t\t\t\t\t<\/div>\n<div class=\"fusion-portfolio-content\"><h2 class=\"fusion-post-title\"><a href=\"https:\/\/heliadprofessional.com\/hu\/sorozat\/12-tus-steril-betet-mezo-penhez-5-db\/\">12 t\u0171s steril bet\u00e9t Mezo Penhez &#8211; 5 db<\/a><\/h2><div class=\"fusion-post-content\"><\/div><\/div><\/div><\/article><article id=\"portfolio-1-post-21422\" class=\"fusion-portfolio-post mezoterapias-kiegeszitok fusion-col-spacing post-21422\"><div class=\"fusion-portfolio-content-wrapper\" style=\"border:none;\"><div  class=\"fusion-image-wrapper\" aria-haspopup=\"true\">\n\t\t\t\t\t\t\t<a href=\"https:\/\/heliadprofessional.com\/hu\/sorozat\/36-tus-steril-betet-mezo-penhez-5-db\/\" aria-label=\"36 t\u0171s steril bet\u00e9t Mezo Penhez &#8211; 5 db\">\n\t\t\t\t\t\t\t<img decoding=\"async\" width=\"800\" height=\"940\" src=\"https:\/\/heliadprofessional.com\/wp-content\/uploads\/2021\/05\/36-tus-steril-betet-Mezo-Penhez-5-db.jpg\" class=\"attachment-full size-full wp-post-image\" alt=\"\" srcset=\"https:\/\/heliadprofessional.com\/wp-content\/uploads\/2021\/05\/36-tus-steril-betet-Mezo-Penhez-5-db-200x235.jpg 200w, https:\/\/heliadprofessional.com\/wp-content\/uploads\/2021\/05\/36-tus-steril-betet-Mezo-Penhez-5-db-400x470.jpg 400w, https:\/\/heliadprofessional.com\/wp-content\/uploads\/2021\/05\/36-tus-steril-betet-Mezo-Penhez-5-db-600x705.jpg 600w, https:\/\/heliadprofessional.com\/wp-content\/uploads\/2021\/05\/36-tus-steril-betet-Mezo-Penhez-5-db.jpg 800w\" sizes=\"(min-width: 2200px) 100vw, (min-width: 915px) 238px, (min-width: 824px) 317px, (min-width: 732px) 475px, (min-width: 640px) 732px, \" \/>\t\t\t<\/a>\n\t\t\t\t\t\t\t<\/div>\n<div class=\"fusion-portfolio-content\"><h2 class=\"fusion-post-title\"><a href=\"https:\/\/heliadprofessional.com\/hu\/sorozat\/36-tus-steril-betet-mezo-penhez-5-db\/\">36 t\u0171s steril bet\u00e9t Mezo Penhez &#8211; 5 db<\/a><\/h2><div class=\"fusion-post-content\"><\/div><\/div><\/div><\/article><article id=\"portfolio-1-post-21415\" class=\"fusion-portfolio-post mezoterapias-kiegeszitok fusion-col-spacing post-21415\"><div class=\"fusion-portfolio-content-wrapper\" style=\"border:none;\"><div  class=\"fusion-image-wrapper\" aria-haspopup=\"true\">\n\t\t\t\t\t\t\t<a href=\"https:\/\/heliadprofessional.com\/hu\/sorozat\/7-tus-steril-betet-mezo-penhez-5-db\/\" aria-label=\"7 t\u0171s steril bet\u00e9t Mezo Penhez &#8211; 5 db\">\n\t\t\t\t\t\t\t<img decoding=\"async\" width=\"800\" height=\"940\" src=\"https:\/\/heliadprofessional.com\/wp-content\/uploads\/2021\/05\/7-tus-steril-betet-Mezo-Penhez-5-db.jpg\" class=\"attachment-full size-full wp-post-image\" alt=\"\" srcset=\"https:\/\/heliadprofessional.com\/wp-content\/uploads\/2021\/05\/7-tus-steril-betet-Mezo-Penhez-5-db-200x235.jpg 200w, https:\/\/heliadprofessional.com\/wp-content\/uploads\/2021\/05\/7-tus-steril-betet-Mezo-Penhez-5-db-400x470.jpg 400w, https:\/\/heliadprofessional.com\/wp-content\/uploads\/2021\/05\/7-tus-steril-betet-Mezo-Penhez-5-db-600x705.jpg 600w, https:\/\/heliadprofessional.com\/wp-content\/uploads\/2021\/05\/7-tus-steril-betet-Mezo-Penhez-5-db.jpg 800w\" sizes=\"(min-width: 2200px) 100vw, (min-width: 915px) 238px, (min-width: 824px) 317px, (min-width: 732px) 475px, (min-width: 640px) 732px, \" \/>\t\t\t<\/a>\n\t\t\t\t\t\t\t<\/div>\n<div class=\"fusion-portfolio-content\"><h2 class=\"fusion-post-title\"><a href=\"https:\/\/heliadprofessional.com\/hu\/sorozat\/7-tus-steril-betet-mezo-penhez-5-db\/\">7 t\u0171s steril bet\u00e9t Mezo Penhez &#8211; 5 db<\/a><\/h2><div class=\"fusion-post-content\"><\/div><\/div><\/div><\/article><\/div><\/div><div class=\"fusion-clearfix\"><\/div><\/div><\/div><div class=\"fusion-layout-column fusion_builder_column fusion-builder-column-4 fusion_builder_column_1_1 1_1 fusion-one-full fusion-column-first fusion-column-last\" style=\"--awb-bg-size:cover;\"><div class=\"fusion-column-wrapper fusion-column-has-shadow fusion-flex-column-wrapper-legacy\"><div class=\"fusion-aligncenter\"><a class=\"fusion-button button-flat fusion-button-default-size button-default fusion-button-default button-1 fusion-button-default-span fusion-button-default-type\" target=\"_blank\" rel=\"noopener noreferrer\" href=\"https:\/\/heliadprofessional.hu\/kiegeszitok\/mezoterapias-kiegeszitok\"><span class=\"fusion-button-text awb-button__text awb-button__text--default\">TOV\u00c1BB A WEBSHOPRA<\/span><\/a><\/div><div class=\"fusion-clearfix\"><\/div><\/div><\/div><\/div><\/div><\/p>\n","protected":false},"excerpt":{"rendered":"","protected":false},"author":2,"featured_media":0,"parent":17918,"menu_order":0,"comment_status":"closed","ping_status":"closed","template":"100-width.php","meta":{"inline_featured_image":false,"footnotes":""},"class_list":["post-17972","page","type-page","status-publish","hentry"],"yoast_head":"<!-- This site is optimized with the Yoast SEO plugin v27.3 - https:\/\/yoast.com\/product\/yoast-seo-wordpress\/ -->\n<title>Kieg\u00e9sz\u00edt\u0151 term\u00e9kek - Helia D Professional<\/title>\n<meta name=\"robots\" content=\"index, follow, max-snippet:-1, max-image-preview:large, max-video-preview:-1\" \/>\n<link rel=\"canonical\" href=\"https:\/\/heliadprofessional.com\/hu\/termekek\/kiegeszito-termekek\/\" \/>\n<meta property=\"og:locale\" content=\"hu_HU\" \/>\n<meta property=\"og:type\" content=\"article\" \/>\n<meta property=\"og:title\" content=\"Kieg\u00e9sz\u00edt\u0151 term\u00e9kek - Helia D Professional\" \/>\n<meta property=\"og:url\" content=\"https:\/\/heliadprofessional.com\/hu\/termekek\/kiegeszito-termekek\/\" \/>\n<meta property=\"og:site_name\" content=\"Helia D Professional\" \/>\n<meta property=\"article:publisher\" content=\"https:\/\/www.facebook.com\/HeliaDProfessional\" \/>\n<meta property=\"article:modified_time\" content=\"2021-06-21T17:05:50+00:00\" \/>\n<meta name=\"twitter:card\" content=\"summary_large_image\" \/>\n<script type=\"application\/ld+json\" class=\"yoast-schema-graph\">{\"@context\":\"https:\\\/\\\/schema.org\",\"@graph\":[{\"@type\":\"WebPage\",\"@id\":\"https:\\\/\\\/heliadprofessional.com\\\/hu\\\/termekek\\\/kiegeszito-termekek\\\/\",\"url\":\"https:\\\/\\\/heliadprofessional.com\\\/hu\\\/termekek\\\/kiegeszito-termekek\\\/\",\"name\":\"Kieg\u00e9sz\u00edt\u0151 term\u00e9kek - Helia D Professional\",\"isPartOf\":{\"@id\":\"https:\\\/\\\/heliadprofessional.com\\\/hu\\\/#website\"},\"datePublished\":\"2018-05-18T12:46:44+00:00\",\"dateModified\":\"2021-06-21T17:05:50+00:00\",\"breadcrumb\":{\"@id\":\"https:\\\/\\\/heliadprofessional.com\\\/hu\\\/termekek\\\/kiegeszito-termekek\\\/#breadcrumb\"},\"inLanguage\":\"hu\",\"potentialAction\":[{\"@type\":\"ReadAction\",\"target\":[\"https:\\\/\\\/heliadprofessional.com\\\/hu\\\/termekek\\\/kiegeszito-termekek\\\/\"]}]},{\"@type\":\"BreadcrumbList\",\"@id\":\"https:\\\/\\\/heliadprofessional.com\\\/hu\\\/termekek\\\/kiegeszito-termekek\\\/#breadcrumb\",\"itemListElement\":[{\"@type\":\"ListItem\",\"position\":1,\"name\":\"Term\u00e9kek\",\"item\":\"https:\\\/\\\/heliadprofessional.com\\\/hu\\\/termekek\\\/\"},{\"@type\":\"ListItem\",\"position\":2,\"name\":\"Kieg\u00e9sz\u00edt\u0151 term\u00e9kek\"}]},{\"@type\":\"WebSite\",\"@id\":\"https:\\\/\\\/heliadprofessional.com\\\/hu\\\/#website\",\"url\":\"https:\\\/\\\/heliadprofessional.com\\\/hu\\\/\",\"name\":\"Helia D Professional\",\"description\":\"Helia D Professional\",\"potentialAction\":[{\"@type\":\"SearchAction\",\"target\":{\"@type\":\"EntryPoint\",\"urlTemplate\":\"https:\\\/\\\/heliadprofessional.com\\\/hu\\\/?s={search_term_string}\"},\"query-input\":{\"@type\":\"PropertyValueSpecification\",\"valueRequired\":true,\"valueName\":\"search_term_string\"}}],\"inLanguage\":\"hu\"}]}<\/script>\n<!-- \/ Yoast SEO plugin. -->","yoast_head_json":{"title":"Kieg\u00e9sz\u00edt\u0151 term\u00e9kek - Helia D Professional","robots":{"index":"index","follow":"follow","max-snippet":"max-snippet:-1","max-image-preview":"max-image-preview:large","max-video-preview":"max-video-preview:-1"},"canonical":"https:\/\/heliadprofessional.com\/hu\/termekek\/kiegeszito-termekek\/","og_locale":"hu_HU","og_type":"article","og_title":"Kieg\u00e9sz\u00edt\u0151 term\u00e9kek - Helia D Professional","og_url":"https:\/\/heliadprofessional.com\/hu\/termekek\/kiegeszito-termekek\/","og_site_name":"Helia D Professional","article_publisher":"https:\/\/www.facebook.com\/HeliaDProfessional","article_modified_time":"2021-06-21T17:05:50+00:00","twitter_card":"summary_large_image","schema":{"@context":"https:\/\/schema.org","@graph":[{"@type":"WebPage","@id":"https:\/\/heliadprofessional.com\/hu\/termekek\/kiegeszito-termekek\/","url":"https:\/\/heliadprofessional.com\/hu\/termekek\/kiegeszito-termekek\/","name":"Kieg\u00e9sz\u00edt\u0151 term\u00e9kek - Helia D Professional","isPartOf":{"@id":"https:\/\/heliadprofessional.com\/hu\/#website"},"datePublished":"2018-05-18T12:46:44+00:00","dateModified":"2021-06-21T17:05:50+00:00","breadcrumb":{"@id":"https:\/\/heliadprofessional.com\/hu\/termekek\/kiegeszito-termekek\/#breadcrumb"},"inLanguage":"hu","potentialAction":[{"@type":"ReadAction","target":["https:\/\/heliadprofessional.com\/hu\/termekek\/kiegeszito-termekek\/"]}]},{"@type":"BreadcrumbList","@id":"https:\/\/heliadprofessional.com\/hu\/termekek\/kiegeszito-termekek\/#breadcrumb","itemListElement":[{"@type":"ListItem","position":1,"name":"Term\u00e9kek","item":"https:\/\/heliadprofessional.com\/hu\/termekek\/"},{"@type":"ListItem","position":2,"name":"Kieg\u00e9sz\u00edt\u0151 term\u00e9kek"}]},{"@type":"WebSite","@id":"https:\/\/heliadprofessional.com\/hu\/#website","url":"https:\/\/heliadprofessional.com\/hu\/","name":"Helia D Professional","description":"Helia D Professional","potentialAction":[{"@type":"SearchAction","target":{"@type":"EntryPoint","urlTemplate":"https:\/\/heliadprofessional.com\/hu\/?s={search_term_string}"},"query-input":{"@type":"PropertyValueSpecification","valueRequired":true,"valueName":"search_term_string"}}],"inLanguage":"hu"}]}},"_links":{"self":[{"href":"https:\/\/heliadprofessional.com\/hu\/wp-json\/wp\/v2\/pages\/17972","targetHints":{"allow":["GET"]}}],"collection":[{"href":"https:\/\/heliadprofessional.com\/hu\/wp-json\/wp\/v2\/pages"}],"about":[{"href":"https:\/\/heliadprofessional.com\/hu\/wp-json\/wp\/v2\/types\/page"}],"author":[{"embeddable":true,"href":"https:\/\/heliadprofessional.com\/hu\/wp-json\/wp\/v2\/users\/2"}],"replies":[{"embeddable":true,"href":"https:\/\/heliadprofessional.com\/hu\/wp-json\/wp\/v2\/comments?post=17972"}],"version-history":[{"count":8,"href":"https:\/\/heliadprofessional.com\/hu\/wp-json\/wp\/v2\/pages\/17972\/revisions"}],"predecessor-version":[{"id":21796,"href":"https:\/\/heliadprofessional.com\/hu\/wp-json\/wp\/v2\/pages\/17972\/revisions\/21796"}],"up":[{"embeddable":true,"href":"https:\/\/heliadprofessional.com\/hu\/wp-json\/wp\/v2\/pages\/17918"}],"wp:attachment":[{"href":"https:\/\/heliadprofessional.com\/hu\/wp-json\/wp\/v2\/media?parent=17972"}],"curies":[{"name":"wp","href":"https:\/\/api.w.org\/{rel}","templated":true}]}}