{"id":19684,"date":"2018-06-28T11:34:03","date_gmt":"2018-06-28T09:34:03","guid":{"rendered":"http:\/\/heliadprofessional.com\/?page_id=19684"},"modified":"2021-06-14T11:48:08","modified_gmt":"2021-06-14T09:48:08","slug":"sorozatonkent","status":"publish","type":"page","link":"https:\/\/heliadprofessional.com\/hu\/oktatas\/kezelesi-sorok\/sorozatonkent\/","title":{"rendered":"Sorozatonk\u00e9nt"},"content":{"rendered":"<div class=\"fusion-fullwidth fullwidth-box fusion-builder-row-1 nonhundred-percent-fullwidth non-hundred-percent-height-scrolling\" style=\"--awb-border-sizes-top:0px;--awb-border-sizes-bottom:0px;--awb-border-sizes-left:0px;--awb-border-sizes-right:0px;--awb-border-radius-top-left:0px;--awb-border-radius-top-right:0px;--awb-border-radius-bottom-right:0px;--awb-border-radius-bottom-left:0px;--awb-padding-top:75px;--awb-padding-bottom:75px;--awb-background-color:#f7f7f7;--awb-flex-wrap:wrap;\" ><div class=\"fusion-builder-row fusion-row\"><div class=\"fusion-layout-column fusion_builder_column fusion-builder-column-0 fusion_builder_column_1_6 1_6 fusion-one-sixth fusion-column-first\" style=\"--awb-bg-size:cover;width:16.6666666667%;width:calc(16.6666666667% - ( ( 4% ) * 0.166666666667 ) );margin-right: 4%;\"><div class=\"fusion-column-wrapper fusion-column-has-shadow fusion-flex-column-wrapper-legacy\"><div class=\"fusion-clearfix\"><\/div><\/div><\/div><div class=\"fusion-layout-column fusion_builder_column fusion-builder-column-1 fusion_builder_column_2_3 2_3 fusion-two-third fusion-column-last\" style=\"--awb-bg-size:cover;width:66.6666666667%;width:calc(66.6666666667% - ( ( 4% ) * 0.666666666667 ) );\"><div class=\"fusion-column-wrapper fusion-column-has-shadow fusion-flex-column-wrapper-legacy\"><div class=\"fusion-text fusion-text-1\"><h2 style=\"text-align: center;\">EXKLUZ\u00cdV KEZEL\u00c9SI TERVEK<\/h2>\n<\/div><div class=\"fusion-sep-clear\"><\/div><div class=\"fusion-separator\" style=\"margin-left: auto;margin-right: auto;margin-top:5px;margin-bottom:25px;width:100%;max-width:30px;\"><div class=\"fusion-separator-border sep-single sep-solid\" style=\"--awb-height:20px;--awb-amount:20px;--awb-sep-color:#999999;border-color:#999999;border-top-width:1px;\"><\/div><\/div><div class=\"fusion-sep-clear\"><\/div><div class=\"fusion-text fusion-text-2 fusion-text-no-margin\" style=\"--awb-margin-bottom:25px;\"><h5 style=\"text-align: center;\">SOROZATONK\u00c9NT<\/h5>\n<\/div><div class=\"fusion-clearfix\"><\/div><\/div><\/div><div class=\"fusion-layout-column fusion_builder_column fusion-builder-column-2 fusion_builder_column_1_1 1_1 fusion-one-full fusion-column-first fusion-column-last\" style=\"--awb-bg-size:cover;\"><div class=\"fusion-column-wrapper fusion-flex-column-wrapper-legacy\"><style type=\"text\/css\">.fusion-portfolio-wrapper#fusion-portfolio-1 .fusion-portfolio-content{  text-align: center; }<\/style><div class=\"fusion-recent-works fusion-portfolio-element fusion-portfolio fusion-portfolio-1 fusion-portfolio-grid fusion-portfolio-paging-load-more-button fusion-portfolio-three fusion-portfolio-unboxed fusion-portfolio-text fusion-portfolio-equal-heights\" data-id=\"-rw-1\" data-columns=\"three\"><style type=\"text\/css\">.fusion-portfolio-1 .fusion-portfolio-wrapper .fusion-col-spacing{padding:25px;}<\/style><div class=\"fusion-portfolio-wrapper\" id=\"fusion-portfolio-1\" data-picturesize=\"auto\" data-pages=\"1\" style=\"margin:-25px;\"><article id=\"portfolio-1-post-18494\" class=\"fusion-portfolio-post exkluziv-kezelesek fusion-col-spacing post-18494\"><div class=\"fusion-portfolio-content-wrapper\" style=\"border:none;\"><div  class=\"fusion-image-wrapper\" aria-haspopup=\"true\">\n\t\t\t\t\t\t\t<a href=\"https:\/\/heliadprofessional.com\/hu\/sorozat\/alma-ossejtes-kezeles\/\" aria-label=\"Alma \u0150ssejtes Kezel\u00e9s\">\n\t\t\t\t\t\t\t<img decoding=\"async\" width=\"1806\" height=\"992\" src=\"https:\/\/heliadprofessional.com\/wp-content\/uploads\/2018\/06\/kezeles_alma.jpg\" class=\"attachment-full size-full wp-post-image\" alt=\"\" srcset=\"https:\/\/heliadprofessional.com\/wp-content\/uploads\/2018\/06\/kezeles_alma-200x110.jpg 200w, https:\/\/heliadprofessional.com\/wp-content\/uploads\/2018\/06\/kezeles_alma-400x220.jpg 400w, https:\/\/heliadprofessional.com\/wp-content\/uploads\/2018\/06\/kezeles_alma-600x330.jpg 600w, https:\/\/heliadprofessional.com\/wp-content\/uploads\/2018\/06\/kezeles_alma-800x439.jpg 800w, https:\/\/heliadprofessional.com\/wp-content\/uploads\/2018\/06\/kezeles_alma-1200x659.jpg 1200w, https:\/\/heliadprofessional.com\/wp-content\/uploads\/2018\/06\/kezeles_alma.jpg 1806w\" sizes=\"(min-width: 2200px) 100vw, (min-width: 824px) 333px, (min-width: 732px) 500px, (min-width: 640px) 732px, \" \/>\t\t\t<\/a>\n\t\t\t\t\t\t\t<\/div>\n<div class=\"fusion-portfolio-content\"><h2 class=\"fusion-post-title\"><a href=\"https:\/\/heliadprofessional.com\/hu\/sorozat\/alma-ossejtes-kezeles\/\">Alma \u0150ssejtes Kezel\u00e9s<\/a><\/h2><div class=\"fusion-post-content\"><\/div><\/div><\/div><\/article><article id=\"portfolio-1-post-18496\" class=\"fusion-portfolio-post exkluziv-kezelesek fusion-col-spacing post-18496\"><div class=\"fusion-portfolio-content-wrapper\" style=\"border:none;\"><div  class=\"fusion-image-wrapper\" aria-haspopup=\"true\">\n\t\t\t\t\t\t\t<a href=\"https:\/\/heliadprofessional.com\/hu\/sorozat\/argan-ossejtes-kezeles\/\" aria-label=\"Arg\u00e1n \u0150ssejtes Kezel\u00e9s\">\n\t\t\t\t\t\t\t<img decoding=\"async\" width=\"1806\" height=\"992\" src=\"https:\/\/heliadprofessional.com\/wp-content\/uploads\/2018\/06\/kezeles_argan-\u0151ssejt.jpg\" class=\"attachment-full size-full wp-post-image\" alt=\"\" srcset=\"https:\/\/heliadprofessional.com\/wp-content\/uploads\/2018\/06\/kezeles_argan-\u0151ssejt-200x110.jpg 200w, https:\/\/heliadprofessional.com\/wp-content\/uploads\/2018\/06\/kezeles_argan-\u0151ssejt-400x220.jpg 400w, https:\/\/heliadprofessional.com\/wp-content\/uploads\/2018\/06\/kezeles_argan-\u0151ssejt-600x330.jpg 600w, https:\/\/heliadprofessional.com\/wp-content\/uploads\/2018\/06\/kezeles_argan-\u0151ssejt-800x439.jpg 800w, https:\/\/heliadprofessional.com\/wp-content\/uploads\/2018\/06\/kezeles_argan-\u0151ssejt-1200x659.jpg 1200w, https:\/\/heliadprofessional.com\/wp-content\/uploads\/2018\/06\/kezeles_argan-\u0151ssejt.jpg 1806w\" sizes=\"(min-width: 2200px) 100vw, (min-width: 824px) 333px, (min-width: 732px) 500px, (min-width: 640px) 732px, \" \/>\t\t\t<\/a>\n\t\t\t\t\t\t\t<\/div>\n<div class=\"fusion-portfolio-content\"><h2 class=\"fusion-post-title\"><a href=\"https:\/\/heliadprofessional.com\/hu\/sorozat\/argan-ossejtes-kezeles\/\">Arg\u00e1n \u0150ssejtes Kezel\u00e9s<\/a><\/h2><div class=\"fusion-post-content\"><\/div><\/div><\/div><\/article><article id=\"portfolio-1-post-18498\" class=\"fusion-portfolio-post exkluziv-kezelesek fusion-col-spacing post-18498\"><div class=\"fusion-portfolio-content-wrapper\" style=\"border:none;\"><div  class=\"fusion-image-wrapper\" aria-haspopup=\"true\">\n\t\t\t\t\t\t\t<a href=\"https:\/\/heliadprofessional.com\/hu\/sorozat\/borterapias-kezeles\/\" aria-label=\"Borter\u00e1pi\u00e1s Kezel\u00e9s\">\n\t\t\t\t\t\t\t<img decoding=\"async\" width=\"1806\" height=\"992\" src=\"https:\/\/heliadprofessional.com\/wp-content\/uploads\/2018\/06\/kezeles_borter\u00e1pi\u00e1s-2.jpg\" class=\"attachment-full size-full wp-post-image\" alt=\"\" srcset=\"https:\/\/heliadprofessional.com\/wp-content\/uploads\/2018\/06\/kezeles_borter\u00e1pi\u00e1s-2-200x110.jpg 200w, https:\/\/heliadprofessional.com\/wp-content\/uploads\/2018\/06\/kezeles_borter\u00e1pi\u00e1s-2-400x220.jpg 400w, https:\/\/heliadprofessional.com\/wp-content\/uploads\/2018\/06\/kezeles_borter\u00e1pi\u00e1s-2-600x330.jpg 600w, https:\/\/heliadprofessional.com\/wp-content\/uploads\/2018\/06\/kezeles_borter\u00e1pi\u00e1s-2-800x439.jpg 800w, https:\/\/heliadprofessional.com\/wp-content\/uploads\/2018\/06\/kezeles_borter\u00e1pi\u00e1s-2-1200x659.jpg 1200w, https:\/\/heliadprofessional.com\/wp-content\/uploads\/2018\/06\/kezeles_borter\u00e1pi\u00e1s-2.jpg 1806w\" sizes=\"(min-width: 2200px) 100vw, (min-width: 824px) 333px, (min-width: 732px) 500px, (min-width: 640px) 732px, \" \/>\t\t\t<\/a>\n\t\t\t\t\t\t\t<\/div>\n<div class=\"fusion-portfolio-content\"><h2 class=\"fusion-post-title\"><a href=\"https:\/\/heliadprofessional.com\/hu\/sorozat\/borterapias-kezeles\/\">Borter\u00e1pi\u00e1s Kezel\u00e9s<\/a><\/h2><div class=\"fusion-post-content\"><\/div><\/div><\/div><\/article><article id=\"portfolio-1-post-18500\" class=\"fusion-portfolio-post exkluziv-kezelesek fusion-col-spacing post-18500\"><div class=\"fusion-portfolio-content-wrapper\" style=\"border:none;\"><div  class=\"fusion-image-wrapper\" aria-haspopup=\"true\">\n\t\t\t\t\t\t\t<a href=\"https:\/\/heliadprofessional.com\/hu\/sorozat\/hyaluron-kezeles\/\" aria-label=\"Hyaluron Kezel\u00e9s\">\n\t\t\t\t\t\t\t<img decoding=\"async\" width=\"1806\" height=\"992\" src=\"https:\/\/heliadprofessional.com\/wp-content\/uploads\/2018\/06\/kezeles_hyaluron.jpg\" class=\"attachment-full size-full wp-post-image\" alt=\"\" srcset=\"https:\/\/heliadprofessional.com\/wp-content\/uploads\/2018\/06\/kezeles_hyaluron-200x110.jpg 200w, https:\/\/heliadprofessional.com\/wp-content\/uploads\/2018\/06\/kezeles_hyaluron-400x220.jpg 400w, https:\/\/heliadprofessional.com\/wp-content\/uploads\/2018\/06\/kezeles_hyaluron-600x330.jpg 600w, https:\/\/heliadprofessional.com\/wp-content\/uploads\/2018\/06\/kezeles_hyaluron-800x439.jpg 800w, https:\/\/heliadprofessional.com\/wp-content\/uploads\/2018\/06\/kezeles_hyaluron-1200x659.jpg 1200w, https:\/\/heliadprofessional.com\/wp-content\/uploads\/2018\/06\/kezeles_hyaluron.jpg 1806w\" sizes=\"(min-width: 2200px) 100vw, (min-width: 824px) 333px, (min-width: 732px) 500px, (min-width: 640px) 732px, \" \/>\t\t\t<\/a>\n\t\t\t\t\t\t\t<\/div>\n<div class=\"fusion-portfolio-content\"><h2 class=\"fusion-post-title\"><a href=\"https:\/\/heliadprofessional.com\/hu\/sorozat\/hyaluron-kezeles\/\">Hyaluron Kezel\u00e9s<\/a><\/h2><div class=\"fusion-post-content\"><\/div><\/div><\/div><\/article><article id=\"portfolio-1-post-18530\" class=\"fusion-portfolio-post exkluziv-kezelesek fusion-col-spacing post-18530\"><div class=\"fusion-portfolio-content-wrapper\" style=\"border:none;\"><div  class=\"fusion-image-wrapper\" aria-haspopup=\"true\">\n\t\t\t\t\t\t\t<a href=\"https:\/\/heliadprofessional.com\/hu\/sorozat\/pandi-meggyes-kezeles\/\" aria-label=\"P\u00e1ndi Meggyes Kezel\u00e9s Tengeri Kollag\u00e9nnel\">\n\t\t\t\t\t\t\t<img decoding=\"async\" width=\"1806\" height=\"992\" src=\"https:\/\/heliadprofessional.com\/wp-content\/uploads\/2018\/06\/pandi-meggy-2.jpg\" class=\"attachment-full size-full wp-post-image\" alt=\"\" srcset=\"https:\/\/heliadprofessional.com\/wp-content\/uploads\/2018\/06\/pandi-meggy-2-200x110.jpg 200w, https:\/\/heliadprofessional.com\/wp-content\/uploads\/2018\/06\/pandi-meggy-2-400x220.jpg 400w, https:\/\/heliadprofessional.com\/wp-content\/uploads\/2018\/06\/pandi-meggy-2-600x330.jpg 600w, https:\/\/heliadprofessional.com\/wp-content\/uploads\/2018\/06\/pandi-meggy-2-800x439.jpg 800w, https:\/\/heliadprofessional.com\/wp-content\/uploads\/2018\/06\/pandi-meggy-2-1200x659.jpg 1200w, https:\/\/heliadprofessional.com\/wp-content\/uploads\/2018\/06\/pandi-meggy-2.jpg 1806w\" sizes=\"(min-width: 2200px) 100vw, (min-width: 824px) 333px, (min-width: 732px) 500px, (min-width: 640px) 732px, \" \/>\t\t\t<\/a>\n\t\t\t\t\t\t\t<\/div>\n<div class=\"fusion-portfolio-content\"><h2 class=\"fusion-post-title\"><a href=\"https:\/\/heliadprofessional.com\/hu\/sorozat\/pandi-meggyes-kezeles\/\">P\u00e1ndi Meggyes Kezel\u00e9s Tengeri Kollag\u00e9nnel<\/a><\/h2><div class=\"fusion-post-content\"><\/div><\/div><\/div><\/article><article id=\"portfolio-1-post-18532\" class=\"fusion-portfolio-post exkluziv-kezelesek fusion-col-spacing post-18532\"><div class=\"fusion-portfolio-content-wrapper\" style=\"border:none;\"><div  class=\"fusion-image-wrapper\" aria-haspopup=\"true\">\n\t\t\t\t\t\t\t<a href=\"https:\/\/heliadprofessional.com\/hu\/sorozat\/szatmari-szilvas-nunatak-ossejtes-kezeles\/\" aria-label=\"Szatm\u00e1ri Szilv\u00e1s Nunatak\u00ae \u0150ssejtes Kezel\u00e9s\">\n\t\t\t\t\t\t\t<img decoding=\"async\" width=\"1806\" height=\"992\" src=\"https:\/\/heliadprofessional.com\/wp-content\/uploads\/2018\/06\/kezeles_szilva-2.jpg\" class=\"attachment-full size-full wp-post-image\" alt=\"\" srcset=\"https:\/\/heliadprofessional.com\/wp-content\/uploads\/2018\/06\/kezeles_szilva-2-200x110.jpg 200w, https:\/\/heliadprofessional.com\/wp-content\/uploads\/2018\/06\/kezeles_szilva-2-400x220.jpg 400w, https:\/\/heliadprofessional.com\/wp-content\/uploads\/2018\/06\/kezeles_szilva-2-600x330.jpg 600w, https:\/\/heliadprofessional.com\/wp-content\/uploads\/2018\/06\/kezeles_szilva-2-800x439.jpg 800w, https:\/\/heliadprofessional.com\/wp-content\/uploads\/2018\/06\/kezeles_szilva-2-1200x659.jpg 1200w, https:\/\/heliadprofessional.com\/wp-content\/uploads\/2018\/06\/kezeles_szilva-2.jpg 1806w\" sizes=\"(min-width: 2200px) 100vw, (min-width: 824px) 333px, (min-width: 732px) 500px, (min-width: 640px) 732px, \" \/>\t\t\t<\/a>\n\t\t\t\t\t\t\t<\/div>\n<div class=\"fusion-portfolio-content\"><h2 class=\"fusion-post-title\"><a href=\"https:\/\/heliadprofessional.com\/hu\/sorozat\/szatmari-szilvas-nunatak-ossejtes-kezeles\/\">Szatm\u00e1ri Szilv\u00e1s Nunatak\u00ae \u0150ssejtes Kezel\u00e9s<\/a><\/h2><div class=\"fusion-post-content\"><\/div><\/div><\/div><\/article><article id=\"portfolio-1-post-18528\" class=\"fusion-portfolio-post exkluziv-kezelesek fusion-col-spacing post-18528\"><div class=\"fusion-portfolio-content-wrapper\" style=\"border:none;\"><div  class=\"fusion-image-wrapper\" aria-haspopup=\"true\">\n\t\t\t\t\t\t\t<a href=\"https:\/\/heliadprofessional.com\/hu\/sorozat\/tensup-kezeles\/\" aria-label=\"Tens&#8217;Up Kezel\u00e9s\">\n\t\t\t\t\t\t\t<img decoding=\"async\" width=\"1806\" height=\"992\" src=\"https:\/\/heliadprofessional.com\/wp-content\/uploads\/2018\/06\/tensup.jpg\" class=\"attachment-full size-full wp-post-image\" alt=\"\" srcset=\"https:\/\/heliadprofessional.com\/wp-content\/uploads\/2018\/06\/tensup-200x110.jpg 200w, https:\/\/heliadprofessional.com\/wp-content\/uploads\/2018\/06\/tensup-400x220.jpg 400w, https:\/\/heliadprofessional.com\/wp-content\/uploads\/2018\/06\/tensup-600x330.jpg 600w, https:\/\/heliadprofessional.com\/wp-content\/uploads\/2018\/06\/tensup-800x439.jpg 800w, https:\/\/heliadprofessional.com\/wp-content\/uploads\/2018\/06\/tensup-1200x659.jpg 1200w, https:\/\/heliadprofessional.com\/wp-content\/uploads\/2018\/06\/tensup.jpg 1806w\" sizes=\"(min-width: 2200px) 100vw, (min-width: 824px) 333px, (min-width: 732px) 500px, (min-width: 640px) 732px, \" \/>\t\t\t<\/a>\n\t\t\t\t\t\t\t<\/div>\n<div class=\"fusion-portfolio-content\"><h2 class=\"fusion-post-title\"><a href=\"https:\/\/heliadprofessional.com\/hu\/sorozat\/tensup-kezeles\/\">Tens&#8217;Up Kezel\u00e9s<\/a><\/h2><div class=\"fusion-post-content\"><\/div><\/div><\/div><\/article><\/div><\/div><div class=\"fusion-clearfix\"><\/div><\/div><\/div><\/div><\/div>\n","protected":false},"excerpt":{"rendered":"","protected":false},"author":2,"featured_media":0,"parent":17948,"menu_order":0,"comment_status":"closed","ping_status":"closed","template":"100-width.php","meta":{"inline_featured_image":false,"footnotes":""},"class_list":["post-19684","page","type-page","status-publish","hentry"],"yoast_head":"<!-- This site is optimized with the Yoast SEO plugin v27.3 - https:\/\/yoast.com\/product\/yoast-seo-wordpress\/ -->\n<title>Sorozatonk\u00e9nt - Helia D Professional<\/title>\n<meta name=\"robots\" content=\"index, follow, max-snippet:-1, max-image-preview:large, max-video-preview:-1\" \/>\n<link rel=\"canonical\" href=\"https:\/\/heliadprofessional.com\/hu\/oktatas\/kezelesi-sorok\/sorozatonkent\/\" \/>\n<meta property=\"og:locale\" content=\"hu_HU\" \/>\n<meta property=\"og:type\" content=\"article\" \/>\n<meta property=\"og:title\" content=\"Sorozatonk\u00e9nt - Helia D Professional\" \/>\n<meta property=\"og:url\" content=\"https:\/\/heliadprofessional.com\/hu\/oktatas\/kezelesi-sorok\/sorozatonkent\/\" \/>\n<meta property=\"og:site_name\" content=\"Helia D Professional\" \/>\n<meta property=\"article:publisher\" content=\"https:\/\/www.facebook.com\/HeliaDProfessional\" \/>\n<meta property=\"article:modified_time\" content=\"2021-06-14T09:48:08+00:00\" \/>\n<meta name=\"twitter:card\" content=\"summary_large_image\" \/>\n<script type=\"application\/ld+json\" class=\"yoast-schema-graph\">{\"@context\":\"https:\\\/\\\/schema.org\",\"@graph\":[{\"@type\":\"WebPage\",\"@id\":\"https:\\\/\\\/heliadprofessional.com\\\/hu\\\/oktatas\\\/kezelesi-sorok\\\/sorozatonkent\\\/\",\"url\":\"https:\\\/\\\/heliadprofessional.com\\\/hu\\\/oktatas\\\/kezelesi-sorok\\\/sorozatonkent\\\/\",\"name\":\"Sorozatonk\u00e9nt - Helia D Professional\",\"isPartOf\":{\"@id\":\"https:\\\/\\\/heliadprofessional.com\\\/hu\\\/#website\"},\"datePublished\":\"2018-06-28T09:34:03+00:00\",\"dateModified\":\"2021-06-14T09:48:08+00:00\",\"breadcrumb\":{\"@id\":\"https:\\\/\\\/heliadprofessional.com\\\/hu\\\/oktatas\\\/kezelesi-sorok\\\/sorozatonkent\\\/#breadcrumb\"},\"inLanguage\":\"hu\",\"potentialAction\":[{\"@type\":\"ReadAction\",\"target\":[\"https:\\\/\\\/heliadprofessional.com\\\/hu\\\/oktatas\\\/kezelesi-sorok\\\/sorozatonkent\\\/\"]}]},{\"@type\":\"BreadcrumbList\",\"@id\":\"https:\\\/\\\/heliadprofessional.com\\\/hu\\\/oktatas\\\/kezelesi-sorok\\\/sorozatonkent\\\/#breadcrumb\",\"itemListElement\":[{\"@type\":\"ListItem\",\"position\":1,\"name\":\"Bemutat\u00f3 el\u0151ad\u00e1sok\",\"item\":\"https:\\\/\\\/heliadprofessional.com\\\/hu\\\/oktatas\\\/\"},{\"@type\":\"ListItem\",\"position\":2,\"name\":\"Kezel\u00e9si sorok\",\"item\":\"https:\\\/\\\/heliadprofessional.com\\\/hu\\\/oktatas\\\/kezelesi-sorok\\\/\"},{\"@type\":\"ListItem\",\"position\":3,\"name\":\"Sorozatonk\u00e9nt\"}]},{\"@type\":\"WebSite\",\"@id\":\"https:\\\/\\\/heliadprofessional.com\\\/hu\\\/#website\",\"url\":\"https:\\\/\\\/heliadprofessional.com\\\/hu\\\/\",\"name\":\"Helia D Professional\",\"description\":\"Helia D Professional\",\"potentialAction\":[{\"@type\":\"SearchAction\",\"target\":{\"@type\":\"EntryPoint\",\"urlTemplate\":\"https:\\\/\\\/heliadprofessional.com\\\/hu\\\/?s={search_term_string}\"},\"query-input\":{\"@type\":\"PropertyValueSpecification\",\"valueRequired\":true,\"valueName\":\"search_term_string\"}}],\"inLanguage\":\"hu\"}]}<\/script>\n<!-- \/ Yoast SEO plugin. -->","yoast_head_json":{"title":"Sorozatonk\u00e9nt - Helia D Professional","robots":{"index":"index","follow":"follow","max-snippet":"max-snippet:-1","max-image-preview":"max-image-preview:large","max-video-preview":"max-video-preview:-1"},"canonical":"https:\/\/heliadprofessional.com\/hu\/oktatas\/kezelesi-sorok\/sorozatonkent\/","og_locale":"hu_HU","og_type":"article","og_title":"Sorozatonk\u00e9nt - Helia D Professional","og_url":"https:\/\/heliadprofessional.com\/hu\/oktatas\/kezelesi-sorok\/sorozatonkent\/","og_site_name":"Helia D Professional","article_publisher":"https:\/\/www.facebook.com\/HeliaDProfessional","article_modified_time":"2021-06-14T09:48:08+00:00","twitter_card":"summary_large_image","schema":{"@context":"https:\/\/schema.org","@graph":[{"@type":"WebPage","@id":"https:\/\/heliadprofessional.com\/hu\/oktatas\/kezelesi-sorok\/sorozatonkent\/","url":"https:\/\/heliadprofessional.com\/hu\/oktatas\/kezelesi-sorok\/sorozatonkent\/","name":"Sorozatonk\u00e9nt - Helia D Professional","isPartOf":{"@id":"https:\/\/heliadprofessional.com\/hu\/#website"},"datePublished":"2018-06-28T09:34:03+00:00","dateModified":"2021-06-14T09:48:08+00:00","breadcrumb":{"@id":"https:\/\/heliadprofessional.com\/hu\/oktatas\/kezelesi-sorok\/sorozatonkent\/#breadcrumb"},"inLanguage":"hu","potentialAction":[{"@type":"ReadAction","target":["https:\/\/heliadprofessional.com\/hu\/oktatas\/kezelesi-sorok\/sorozatonkent\/"]}]},{"@type":"BreadcrumbList","@id":"https:\/\/heliadprofessional.com\/hu\/oktatas\/kezelesi-sorok\/sorozatonkent\/#breadcrumb","itemListElement":[{"@type":"ListItem","position":1,"name":"Bemutat\u00f3 el\u0151ad\u00e1sok","item":"https:\/\/heliadprofessional.com\/hu\/oktatas\/"},{"@type":"ListItem","position":2,"name":"Kezel\u00e9si sorok","item":"https:\/\/heliadprofessional.com\/hu\/oktatas\/kezelesi-sorok\/"},{"@type":"ListItem","position":3,"name":"Sorozatonk\u00e9nt"}]},{"@type":"WebSite","@id":"https:\/\/heliadprofessional.com\/hu\/#website","url":"https:\/\/heliadprofessional.com\/hu\/","name":"Helia D Professional","description":"Helia D Professional","potentialAction":[{"@type":"SearchAction","target":{"@type":"EntryPoint","urlTemplate":"https:\/\/heliadprofessional.com\/hu\/?s={search_term_string}"},"query-input":{"@type":"PropertyValueSpecification","valueRequired":true,"valueName":"search_term_string"}}],"inLanguage":"hu"}]}},"_links":{"self":[{"href":"https:\/\/heliadprofessional.com\/hu\/wp-json\/wp\/v2\/pages\/19684","targetHints":{"allow":["GET"]}}],"collection":[{"href":"https:\/\/heliadprofessional.com\/hu\/wp-json\/wp\/v2\/pages"}],"about":[{"href":"https:\/\/heliadprofessional.com\/hu\/wp-json\/wp\/v2\/types\/page"}],"author":[{"embeddable":true,"href":"https:\/\/heliadprofessional.com\/hu\/wp-json\/wp\/v2\/users\/2"}],"replies":[{"embeddable":true,"href":"https:\/\/heliadprofessional.com\/hu\/wp-json\/wp\/v2\/comments?post=19684"}],"version-history":[{"count":10,"href":"https:\/\/heliadprofessional.com\/hu\/wp-json\/wp\/v2\/pages\/19684\/revisions"}],"predecessor-version":[{"id":22049,"href":"https:\/\/heliadprofessional.com\/hu\/wp-json\/wp\/v2\/pages\/19684\/revisions\/22049"}],"up":[{"embeddable":true,"href":"https:\/\/heliadprofessional.com\/hu\/wp-json\/wp\/v2\/pages\/17948"}],"wp:attachment":[{"href":"https:\/\/heliadprofessional.com\/hu\/wp-json\/wp\/v2\/media?parent=19684"}],"curies":[{"name":"wp","href":"https:\/\/api.w.org\/{rel}","templated":true}]}}