{"id":23132,"date":"2024-09-19T09:36:34","date_gmt":"2024-09-19T07:36:34","guid":{"rendered":"https:\/\/heliadprofessional.com\/?page_id=23132"},"modified":"2024-09-19T09:36:34","modified_gmt":"2024-09-19T07:36:34","slug":"kozmetikus-tanulok-tamogatas","status":"publish","type":"page","link":"https:\/\/heliadprofessional.com\/hu\/kozmetikus-tanulok-tamogatas\/","title":{"rendered":"Kozmetikus tanul\u00f3k-t\u00e1mogat\u00e1s"},"content":{"rendered":"<div class=\"fusion-fullwidth fullwidth-box fusion-builder-row-1 nonhundred-percent-fullwidth non-hundred-percent-height-scrolling\" style=\"--awb-border-radius-top-left:0px;--awb-border-radius-top-right:0px;--awb-border-radius-bottom-right:0px;--awb-border-radius-bottom-left:0px;--awb-flex-wrap:wrap;\" ><div class=\"fusion-builder-row fusion-row\"><div class=\"fusion-layout-column fusion_builder_column fusion-builder-column-0 fusion_builder_column_1_1 1_1 fusion-one-full fusion-column-first fusion-column-last\" style=\"--awb-bg-size:cover;\"><div class=\"fusion-column-wrapper fusion-flex-column-wrapper-legacy\"><div class=\"fusion-text fusion-text-1\"><h3><strong>Kozmetikus tanul\u00f3knak<\/strong><\/h3>\n<\/div><div class=\"fusion-text fusion-text-2\"><p>Gratul\u00e1lunk a d\u00f6nt\u00e9sedhez, egy gy\u00f6ny\u00f6r\u0171en sz\u00e9p szakm\u00e1t v\u00e1lasztott\u00e1l Magadnak, k\u00edv\u00e1njuk, hogy meg is tudd val\u00f3s\u00edtani benne az \u00e1lmaidat!<\/p>\n<\/div><div class=\"fusion-text fusion-text-3\"><h3><strong>Miben tud Neked tanul\u00f3k\u00e9nt a Helia-D Professional seg\u00edts\u00e9get ny\u00fajtani?<\/strong><\/h3>\n<\/div><div class=\"fusion-text fusion-text-4\"><p>Tapasztalataink szerint a gyakorlati \u00f3r\u00e1k megkezd\u00e9s\u00e9t\u0151l j\u00f3, ha van egy gyakorl\u00f3 csomagod, amivel csoportt\u00e1rsaidon, rokonokon, bar\u00e1tn\u0151k\u00f6n gyakorolhatod az arckezel\u00e9sek alap mozdulatait, a massz\u00e1zst. Mivel kezdetben a legv\u00e1ratlanabb \u00e9s egym\u00e1st\u00f3l k\u00fcl\u00f6nb\u00f6z\u0151 b\u0151r\u00f6kkel tal\u00e1lkozol majd, egy olyan HDP Tanul\u00f3 Gyakorl\u00f3 Csomagot \u00e1ll\u00edtottunk \u00f6ssze, amit b\u00e1tran haszn\u00e1lhatsz a legk\u00fcl\u00f6nb\u00f6z\u0151bb b\u0151r\u00f6k\u00f6n is.<\/p>\n<p>Na, de mi van, amikor m\u00e1r a vizsg\u00e1ra k\u00e9sz\u00fclsz? Ehhez v\u00e1laszd a HDP Tanul\u00f3 Vizsga Csomagot!<\/p>\n<\/div><div class=\"fusion-text fusion-text-5\"><h4><strong>GYAKORL\u00d3CSOMAG<\/strong><\/h4>\n<p><strong>Tartalma:<\/strong><br \/>\n&#8211;\u00a0<a href=\"https:\/\/heliadprofessional.hu\/Helia-D-Professional-Hidratalo-arctej-250-ml\" target=\"_blank\" rel=\"noopener\">Hidrat\u00e1l\u00f3 arctej (250 ml)<\/a><br \/>\n&#8211;\u00a0<a href=\"https:\/\/heliadprofessional.hu\/Helia-D-Professional-Hidratalo-geltonik\" target=\"_blank\" rel=\"noopener\">Hidrat\u00e1l\u00f3 g\u00e9ltonik (250 ml)<\/a><br \/>\n&#8211;\u00a0<a href=\"https:\/\/heliadprofessional.hu\/Helia-D-Professional-Gyumolcssavas-peeling\" target=\"_blank\" rel=\"noopener\">Gy\u00fcm\u00f6lcssavas peeling (250 ml)<\/a><br \/>\n&#8211;\u00a0<a href=\"https:\/\/heliadprofessional.hu\/Helia-D-Professional-Pandi-Meggyes-masszazskrem\" target=\"_blank\" rel=\"noopener\">P\u00e1ndi meggyes massz\u00e1zskr\u00e9m (500 ml)<\/a><\/p>\n<p><strong>A csomag 30%-kal cs\u00f6kkentett, kedvezm\u00e9nyes brutt\u00f3 \u00e1ra: 15.145 Ft<\/strong><\/p>\n<\/div><div class=\"fusion-sep-clear\"><\/div><div class=\"fusion-separator fusion-full-width-sep\" style=\"margin-left: auto;margin-right: auto;margin-top:25px;margin-bottom:25px;width:100%;\"><div class=\"fusion-separator-border sep-single sep-solid\" style=\"--awb-height:20px;--awb-amount:20px;--awb-sep-color:#c2b684;border-color:#c2b684;border-top-width:3px;\"><\/div><\/div><div class=\"fusion-sep-clear\"><\/div><div class=\"fusion-text fusion-text-6\"><h4><strong>VIZSGACSOMAG<\/strong><\/h4>\n<p><strong>Tartalma:<\/strong><br \/>\n&#8211;\u00a0<a href=\"https:\/\/heliadprofessional.hu\/Helia-D-Professional-Hyaluron-Energetizalo-Tisztito-hab\" target=\"_blank\" rel=\"noopener\">Hyaluron energetiz\u00e1l\u00f3-tiszt\u00edt\u00f3 hab (200 ml)<\/a><br \/>\n&#8211;\u00a0<a href=\"https:\/\/heliadprofessional.hu\/Helia-D-Professional-Hidratalo-geltonik\" target=\"_blank\" rel=\"noopener\">Hidrat\u00e1l\u00f3 g\u00e9ltonik (250 ml)<\/a><br \/>\n&#8211;\u00a0<a href=\"https:\/\/heliadprofessional.hu\/Helia-D-Professional-Gyumolcssavas-peeling\" target=\"_blank\" rel=\"noopener\">Gy\u00fcm\u00f6lcssavas peeling (250 ml)<\/a><br \/>\n&#8211;\u00a0<a href=\"https:\/\/heliadprofessional.hu\/Helia-D-Professional-3-ossejtes-krempakolas\" target=\"_blank\" rel=\"noopener\">3\u00a0\u0151ssejtes kr\u00e9mpakol\u00e1s (200 ml)<\/a><br \/>\n&#8211;\u00a0<a href=\"https:\/\/heliadprofessional.hu\/Helia-D-Professional-C-Vitaminos-Lifting-krempakolas\" target=\"_blank\" rel=\"noopener\">C vitaminos lifting kr\u00e9mpakol\u00e1s (200 ml)<\/a><br \/>\n&#8211;\u00a0<a href=\"https:\/\/heliadprofessional.hu\/Helia-D-Professional-Magyar-Agyag-Melytisztito-Pakolas\" target=\"_blank\" rel=\"noopener\">Magyar agyag m\u00e9lytiszt\u00edt\u00f3 pakol\u00e1s (200 ml)<\/a><br \/>\n&#8211;\u00a0<a href=\"https:\/\/heliadprofessional.hu\/Helia-D-Professional-Hyaluron-krempakolas\" target=\"_blank\" rel=\"noopener\">Hyaluronos kr\u00e9mpakol\u00e1s (250 ml)<\/a><br \/>\n&#8211;\u00a0<a href=\"https:\/\/heliadprofessional.hu\/Helia-D-Professional-Szatmari-Szilvas-Nunatak-ossejtes-krempakolas\" target=\"_blank\" rel=\"noopener\">Szatm\u00e1ri szilv\u00e1s nunatak \u0151ssejtes kr\u00e9mpakol\u00e1s (250 ml)<\/a><\/p>\n<p><strong>A csomag 30%-kal cs\u00f6kkentett, kedvezm\u00e9nyes brutt\u00f3 \u00e1ra: 45.990 Ft<\/strong><\/p>\n<\/div><div class=\"fusion-text fusion-text-7\"><p>A tanul\u00f3csomag megrendel\u00e9s\u00e9vel \u00e9s tov\u00e1bbi inform\u00e1ci\u00f3kkal kapcsolatban h\u00edvd Vassn\u00e9 Jolit a <strong><a style=\"color: #c2b684;\" href=\"tel:+36304218826\">+36304218826<\/a><\/strong>-os telefonsz\u00e1mon, vagy \u00e9rdekl\u0151dj a <strong><a style=\"color: #c2b684;\" href=\"mailto:bolt@helia-d.hu\">bolt@helia-d.hu<\/a><\/strong> levelez\u00e9si c\u00edmen. A vizsgacsomag megrendel\u00e9se eset\u00e9n komplex arckezel\u00e9si terveket osztunk meg Veled online, melyb\u0151l majd \u00f6tletet mer\u00edthetsz a kozmetikus vizsg\u00e1n\u00e1l. Tov\u00e1bb\u00e1 megkapod a term\u00e9kek konkr\u00e9t INCI list\u00e1j\u00e1t \u00e9s k\u00fcld\u00fcnk Neked kozmetikus \u00e1rlist\u00e1t is. Fontos! B\u00e1rmely csomag v\u00e1laszt\u00e1s\u00e1n\u00e1l van lehet\u0151s\u00e9ged a csomag tartalm\u00e1nak m\u00f3dos\u00edt\u00e1s\u00e1ra, a kedvezm\u00e9ny ugyan\u00fagy \u00e9l.<\/p>\n<\/div><div class=\"fusion-clearfix\"><\/div><\/div><\/div><\/div><\/div>\n","protected":false},"excerpt":{"rendered":"","protected":false},"author":5,"featured_media":0,"parent":0,"menu_order":0,"comment_status":"closed","ping_status":"closed","template":"","meta":{"inline_featured_image":false,"footnotes":""},"class_list":["post-23132","page","type-page","status-publish","hentry"],"yoast_head":"<!-- This site is optimized with the Yoast SEO plugin v27.3 - https:\/\/yoast.com\/product\/yoast-seo-wordpress\/ -->\n<title>Kozmetikus tanul\u00f3k-t\u00e1mogat\u00e1s - Helia D Professional<\/title>\n<meta name=\"robots\" content=\"index, follow, max-snippet:-1, max-image-preview:large, max-video-preview:-1\" \/>\n<link rel=\"canonical\" href=\"https:\/\/heliadprofessional.com\/hu\/kozmetikus-tanulok-tamogatas\/\" \/>\n<meta property=\"og:locale\" content=\"hu_HU\" \/>\n<meta property=\"og:type\" content=\"article\" \/>\n<meta property=\"og:title\" content=\"Kozmetikus tanul\u00f3k-t\u00e1mogat\u00e1s - Helia D Professional\" \/>\n<meta property=\"og:url\" content=\"https:\/\/heliadprofessional.com\/hu\/kozmetikus-tanulok-tamogatas\/\" \/>\n<meta property=\"og:site_name\" content=\"Helia D Professional\" \/>\n<meta property=\"article:publisher\" content=\"https:\/\/www.facebook.com\/HeliaDProfessional\" \/>\n<meta name=\"twitter:card\" content=\"summary_large_image\" \/>\n<script type=\"application\/ld+json\" class=\"yoast-schema-graph\">{\"@context\":\"https:\\\/\\\/schema.org\",\"@graph\":[{\"@type\":\"WebPage\",\"@id\":\"https:\\\/\\\/heliadprofessional.com\\\/hu\\\/kozmetikus-tanulok-tamogatas\\\/\",\"url\":\"https:\\\/\\\/heliadprofessional.com\\\/hu\\\/kozmetikus-tanulok-tamogatas\\\/\",\"name\":\"Kozmetikus tanul\u00f3k-t\u00e1mogat\u00e1s - Helia D Professional\",\"isPartOf\":{\"@id\":\"https:\\\/\\\/heliadprofessional.com\\\/hu\\\/#website\"},\"datePublished\":\"2024-09-19T07:36:34+00:00\",\"inLanguage\":\"hu\",\"potentialAction\":[{\"@type\":\"ReadAction\",\"target\":[\"https:\\\/\\\/heliadprofessional.com\\\/hu\\\/kozmetikus-tanulok-tamogatas\\\/\"]}]},{\"@type\":\"WebSite\",\"@id\":\"https:\\\/\\\/heliadprofessional.com\\\/hu\\\/#website\",\"url\":\"https:\\\/\\\/heliadprofessional.com\\\/hu\\\/\",\"name\":\"Helia D Professional\",\"description\":\"Helia D Professional\",\"potentialAction\":[{\"@type\":\"SearchAction\",\"target\":{\"@type\":\"EntryPoint\",\"urlTemplate\":\"https:\\\/\\\/heliadprofessional.com\\\/hu\\\/?s={search_term_string}\"},\"query-input\":{\"@type\":\"PropertyValueSpecification\",\"valueRequired\":true,\"valueName\":\"search_term_string\"}}],\"inLanguage\":\"hu\"}]}<\/script>\n<!-- \/ Yoast SEO plugin. -->","yoast_head_json":{"title":"Kozmetikus tanul\u00f3k-t\u00e1mogat\u00e1s - Helia D Professional","robots":{"index":"index","follow":"follow","max-snippet":"max-snippet:-1","max-image-preview":"max-image-preview:large","max-video-preview":"max-video-preview:-1"},"canonical":"https:\/\/heliadprofessional.com\/hu\/kozmetikus-tanulok-tamogatas\/","og_locale":"hu_HU","og_type":"article","og_title":"Kozmetikus tanul\u00f3k-t\u00e1mogat\u00e1s - Helia D Professional","og_url":"https:\/\/heliadprofessional.com\/hu\/kozmetikus-tanulok-tamogatas\/","og_site_name":"Helia D Professional","article_publisher":"https:\/\/www.facebook.com\/HeliaDProfessional","twitter_card":"summary_large_image","schema":{"@context":"https:\/\/schema.org","@graph":[{"@type":"WebPage","@id":"https:\/\/heliadprofessional.com\/hu\/kozmetikus-tanulok-tamogatas\/","url":"https:\/\/heliadprofessional.com\/hu\/kozmetikus-tanulok-tamogatas\/","name":"Kozmetikus tanul\u00f3k-t\u00e1mogat\u00e1s - Helia D Professional","isPartOf":{"@id":"https:\/\/heliadprofessional.com\/hu\/#website"},"datePublished":"2024-09-19T07:36:34+00:00","inLanguage":"hu","potentialAction":[{"@type":"ReadAction","target":["https:\/\/heliadprofessional.com\/hu\/kozmetikus-tanulok-tamogatas\/"]}]},{"@type":"WebSite","@id":"https:\/\/heliadprofessional.com\/hu\/#website","url":"https:\/\/heliadprofessional.com\/hu\/","name":"Helia D Professional","description":"Helia D Professional","potentialAction":[{"@type":"SearchAction","target":{"@type":"EntryPoint","urlTemplate":"https:\/\/heliadprofessional.com\/hu\/?s={search_term_string}"},"query-input":{"@type":"PropertyValueSpecification","valueRequired":true,"valueName":"search_term_string"}}],"inLanguage":"hu"}]}},"_links":{"self":[{"href":"https:\/\/heliadprofessional.com\/hu\/wp-json\/wp\/v2\/pages\/23132","targetHints":{"allow":["GET"]}}],"collection":[{"href":"https:\/\/heliadprofessional.com\/hu\/wp-json\/wp\/v2\/pages"}],"about":[{"href":"https:\/\/heliadprofessional.com\/hu\/wp-json\/wp\/v2\/types\/page"}],"author":[{"embeddable":true,"href":"https:\/\/heliadprofessional.com\/hu\/wp-json\/wp\/v2\/users\/5"}],"replies":[{"embeddable":true,"href":"https:\/\/heliadprofessional.com\/hu\/wp-json\/wp\/v2\/comments?post=23132"}],"version-history":[{"count":1,"href":"https:\/\/heliadprofessional.com\/hu\/wp-json\/wp\/v2\/pages\/23132\/revisions"}],"predecessor-version":[{"id":23133,"href":"https:\/\/heliadprofessional.com\/hu\/wp-json\/wp\/v2\/pages\/23132\/revisions\/23133"}],"wp:attachment":[{"href":"https:\/\/heliadprofessional.com\/hu\/wp-json\/wp\/v2\/media?parent=23132"}],"curies":[{"name":"wp","href":"https:\/\/api.w.org\/{rel}","templated":true}]}}